{"id":212750,"date":"2026-03-04T02:40:39","date_gmt":"2026-03-04T01:40:39","guid":{"rendered":"https:\/\/grupotextil.es\/producto\/bateria-externa-magnetica-stamina-vatum-1736\/"},"modified":"2026-03-04T06:14:58","modified_gmt":"2026-03-04T05:14:58","slug":"bateria-externa-magnetica-stamina-vatum-1736","status":"publish","type":"product","link":"https:\/\/grupotextil.es\/en\/product\/bateria-externa-magnetica-stamina-vatum-1736\/","title":{"rendered":"Bater\u00eda Externa Magn\u00e9tica Stamina Vatum 1736"},"content":{"rendered":"<p>Bater\u00eda externa magn\u00e9tica de 10000 mAh con cuerpo de aluminio reciclado. Con funci\u00f3n de carga inal\u00e1mbrica para dispositivos provistos de esta tecnolog\u00eda. Pantalla LED con indicador de porcentaje de carga. Puerto Tipo C de entrada y salida. Salida corriente 15W. Incluye cable tipo C y anillo magn\u00e9tico.<\/p>","protected":false},"excerpt":{"rendered":"<p>Bater\u00eda externa magn\u00e9tica de 10000 mAh con cuerpo de aluminio reciclado. Con funci\u00f3n de carga inal\u00e1mbrica para dispositivos provistos de esta tecnolog\u00eda. Pantalla LED con indicador de porcentaje de carga. Puerto Tipo C de entrada y salida. Salida corriente 15W. Incluye cable tipo C y anillo magn\u00e9tico.<\/p>","protected":false},"featured_media":212751,"comment_status":"open","ping_status":"closed","template":"","meta":{"_acf_changed":false},"product_brand":[14012],"product_cat":[14006,13959],"product_tag":[],"class_list":{"0":"post-212750","1":"product","2":"type-product","3":"status-publish","4":"has-post-thumbnail","6":"product_brand-stamina","7":"product_cat-acc-merchandising","8":"product_cat-mr-tecnologia","9":"tm-no-options","11":"first","12":"outofstock","13":"taxable","14":"shipping-taxable","15":"product-type-variable"},"acf":[],"_links":{"self":[{"href":"https:\/\/grupotextil.es\/en\/wp-json\/wp\/v2\/product\/212750","targetHints":{"allow":["GET"]}}],"collection":[{"href":"https:\/\/grupotextil.es\/en\/wp-json\/wp\/v2\/product"}],"about":[{"href":"https:\/\/grupotextil.es\/en\/wp-json\/wp\/v2\/types\/product"}],"replies":[{"embeddable":true,"href":"https:\/\/grupotextil.es\/en\/wp-json\/wp\/v2\/comments?post=212750"}],"wp:featuredmedia":[{"embeddable":true,"href":"https:\/\/grupotextil.es\/en\/wp-json\/wp\/v2\/media\/212751"}],"wp:attachment":[{"href":"https:\/\/grupotextil.es\/en\/wp-json\/wp\/v2\/media?parent=212750"}],"wp:term":[{"taxonomy":"product_brand","embeddable":true,"href":"https:\/\/grupotextil.es\/en\/wp-json\/wp\/v2\/product_brand?post=212750"},{"taxonomy":"product_cat","embeddable":true,"href":"https:\/\/grupotextil.es\/en\/wp-json\/wp\/v2\/product_cat?post=212750"},{"taxonomy":"product_tag","embeddable":true,"href":"https:\/\/grupotextil.es\/en\/wp-json\/wp\/v2\/product_tag?post=212750"}],"curies":[{"name":"wp","href":"https:\/\/api.w.org\/{rel}","templated":true}]}}