{"id":212830,"date":"2026-03-04T02:42:08","date_gmt":"2026-03-04T01:42:08","guid":{"rendered":"https:\/\/grupotextil.es\/producto\/llavero-de-bambu-stamina-kraus-1750\/"},"modified":"2026-03-04T06:14:59","modified_gmt":"2026-03-04T05:14:59","slug":"llavero-de-bambu-stamina-kraus-1750","status":"publish","type":"product","link":"https:\/\/grupotextil.es\/en\/product\/llavero-de-bambu-stamina-kraus-1750\/","title":{"rendered":"Llavero De Bamb\u00fa Stamina Kraus 1750"},"content":{"rendered":"<p>Llavero realizado en bamb\u00fa y acero en dos formatos. Ideal para maracaje l\u00e1ser.<\/p>","protected":false},"excerpt":{"rendered":"<p>Llavero realizado en bamb\u00fa y acero en dos formatos. Ideal para maracaje l\u00e1ser.<\/p>","protected":false},"featured_media":212831,"comment_status":"open","ping_status":"closed","template":"","meta":{"_acf_changed":false},"product_brand":[14012],"product_cat":[9841],"product_tag":[],"class_list":{"0":"post-212830","1":"product","2":"type-product","3":"status-publish","4":"has-post-thumbnail","6":"product_brand-stamina","7":"product_cat-sostenible","8":"tm-no-options","10":"first","11":"instock","12":"taxable","13":"shipping-taxable","14":"product-type-variable"},"acf":[],"_links":{"self":[{"href":"https:\/\/grupotextil.es\/en\/wp-json\/wp\/v2\/product\/212830","targetHints":{"allow":["GET"]}}],"collection":[{"href":"https:\/\/grupotextil.es\/en\/wp-json\/wp\/v2\/product"}],"about":[{"href":"https:\/\/grupotextil.es\/en\/wp-json\/wp\/v2\/types\/product"}],"replies":[{"embeddable":true,"href":"https:\/\/grupotextil.es\/en\/wp-json\/wp\/v2\/comments?post=212830"}],"wp:featuredmedia":[{"embeddable":true,"href":"https:\/\/grupotextil.es\/en\/wp-json\/wp\/v2\/media\/212831"}],"wp:attachment":[{"href":"https:\/\/grupotextil.es\/en\/wp-json\/wp\/v2\/media?parent=212830"}],"wp:term":[{"taxonomy":"product_brand","embeddable":true,"href":"https:\/\/grupotextil.es\/en\/wp-json\/wp\/v2\/product_brand?post=212830"},{"taxonomy":"product_cat","embeddable":true,"href":"https:\/\/grupotextil.es\/en\/wp-json\/wp\/v2\/product_cat?post=212830"},{"taxonomy":"product_tag","embeddable":true,"href":"https:\/\/grupotextil.es\/en\/wp-json\/wp\/v2\/product_tag?post=212830"}],"curies":[{"name":"wp","href":"https:\/\/api.w.org\/{rel}","templated":true}]}}