{"id":212942,"date":"2026-03-04T02:44:19","date_gmt":"2026-03-04T01:44:19","guid":{"rendered":"https:\/\/grupotextil.es\/producto\/lampara-stamina-reiki-1746\/"},"modified":"2026-03-04T23:53:27","modified_gmt":"2026-03-04T22:53:27","slug":"lampara-stamina-reiki-1746","status":"publish","type":"product","link":"https:\/\/grupotextil.es\/en\/product\/lampara-stamina-reiki-1746\/","title":{"rendered":"L\u00e1mpara Stamina Reiki 1746"},"content":{"rendered":"<p>L\u00e1mpara con cuerpo met\u00e1lico. 3 modos de luz led: blanca, neutra y c\u00e1lida. Sistema de regulaci\u00f3n t\u00e1ctil. 1200 mAh.<\/p>","protected":false},"excerpt":{"rendered":"<p>L\u00e1mpara con cuerpo met\u00e1lico. 3 modos de luz led: blanca, neutra y c\u00e1lida. Sistema de regulaci\u00f3n t\u00e1ctil. 1200 mAh.<\/p>","protected":false},"featured_media":212943,"comment_status":"open","ping_status":"closed","template":"","meta":{"_acf_changed":false},"product_brand":[14012],"product_cat":[14006,13959],"product_tag":[],"class_list":{"0":"post-212942","1":"product","2":"type-product","3":"status-publish","4":"has-post-thumbnail","6":"product_brand-stamina","7":"product_cat-acc-merchandising","8":"product_cat-mr-tecnologia","9":"tm-no-options","11":"first","12":"instock","13":"featured","14":"taxable","15":"shipping-taxable","16":"product-type-variable"},"acf":[],"_links":{"self":[{"href":"https:\/\/grupotextil.es\/en\/wp-json\/wp\/v2\/product\/212942","targetHints":{"allow":["GET"]}}],"collection":[{"href":"https:\/\/grupotextil.es\/en\/wp-json\/wp\/v2\/product"}],"about":[{"href":"https:\/\/grupotextil.es\/en\/wp-json\/wp\/v2\/types\/product"}],"replies":[{"embeddable":true,"href":"https:\/\/grupotextil.es\/en\/wp-json\/wp\/v2\/comments?post=212942"}],"wp:featuredmedia":[{"embeddable":true,"href":"https:\/\/grupotextil.es\/en\/wp-json\/wp\/v2\/media\/212943"}],"wp:attachment":[{"href":"https:\/\/grupotextil.es\/en\/wp-json\/wp\/v2\/media?parent=212942"}],"wp:term":[{"taxonomy":"product_brand","embeddable":true,"href":"https:\/\/grupotextil.es\/en\/wp-json\/wp\/v2\/product_brand?post=212942"},{"taxonomy":"product_cat","embeddable":true,"href":"https:\/\/grupotextil.es\/en\/wp-json\/wp\/v2\/product_cat?post=212942"},{"taxonomy":"product_tag","embeddable":true,"href":"https:\/\/grupotextil.es\/en\/wp-json\/wp\/v2\/product_tag?post=212942"}],"curies":[{"name":"wp","href":"https:\/\/api.w.org\/{rel}","templated":true}]}}