{"id":212950,"date":"2026-03-04T02:44:27","date_gmt":"2026-03-04T01:44:27","guid":{"rendered":"https:\/\/grupotextil.es\/producto\/set-fiambrera-con-cubiertos-stamina-bagner-1655\/"},"modified":"2026-03-04T06:15:00","modified_gmt":"2026-03-04T05:15:00","slug":"set-fiambrera-con-cubiertos-stamina-bagner-1655","status":"publish","type":"product","link":"https:\/\/grupotextil.es\/en\/product\/set-fiambrera-con-cubiertos-stamina-bagner-1655\/","title":{"rendered":"Set Fiambrera Con Cubiertos Stamina Bagner 1655"},"content":{"rendered":"<p>Set de fiambrera con cubiertos y bid\u00f3n. Fiambrera de acero inoxidable 304, con capacidad 800 ml y tapa de bamb\u00fa con banda el\u00e1stica de seguridad. Incluye cubiertos de bamb\u00fa. Bid\u00f3n de acero inoxidable 304, con capacidad 500 ml.<\/p>","protected":false},"excerpt":{"rendered":"<p>Set de fiambrera con cubiertos y bid\u00f3n. Fiambrera de acero inoxidable 304, con capacidad 800 ml y tapa de bamb\u00fa con banda el\u00e1stica de seguridad. Incluye cubiertos de bamb\u00fa. Bid\u00f3n de acero inoxidable 304, con capacidad 500 ml.<\/p>","protected":false},"featured_media":212951,"comment_status":"open","ping_status":"closed","template":"","meta":{"_acf_changed":false},"product_brand":[14012],"product_cat":[13958,14006,13971],"product_tag":[],"class_list":{"0":"post-212950","1":"product","2":"type-product","3":"status-publish","4":"has-post-thumbnail","6":"product_brand-stamina","7":"product_cat-mr-botellas-y-termos","8":"product_cat-acc-merchandising","9":"product_cat-mr-tazas","10":"tm-no-options","12":"first","13":"instock","14":"taxable","15":"shipping-taxable","16":"product-type-variable"},"acf":[],"_links":{"self":[{"href":"https:\/\/grupotextil.es\/en\/wp-json\/wp\/v2\/product\/212950","targetHints":{"allow":["GET"]}}],"collection":[{"href":"https:\/\/grupotextil.es\/en\/wp-json\/wp\/v2\/product"}],"about":[{"href":"https:\/\/grupotextil.es\/en\/wp-json\/wp\/v2\/types\/product"}],"replies":[{"embeddable":true,"href":"https:\/\/grupotextil.es\/en\/wp-json\/wp\/v2\/comments?post=212950"}],"wp:featuredmedia":[{"embeddable":true,"href":"https:\/\/grupotextil.es\/en\/wp-json\/wp\/v2\/media\/212951"}],"wp:attachment":[{"href":"https:\/\/grupotextil.es\/en\/wp-json\/wp\/v2\/media?parent=212950"}],"wp:term":[{"taxonomy":"product_brand","embeddable":true,"href":"https:\/\/grupotextil.es\/en\/wp-json\/wp\/v2\/product_brand?post=212950"},{"taxonomy":"product_cat","embeddable":true,"href":"https:\/\/grupotextil.es\/en\/wp-json\/wp\/v2\/product_cat?post=212950"},{"taxonomy":"product_tag","embeddable":true,"href":"https:\/\/grupotextil.es\/en\/wp-json\/wp\/v2\/product_tag?post=212950"}],"curies":[{"name":"wp","href":"https:\/\/api.w.org\/{rel}","templated":true}]}}