{"id":212965,"date":"2026-03-04T02:44:42","date_gmt":"2026-03-04T01:44:42","guid":{"rendered":"https:\/\/grupotextil.es\/producto\/set-para-barbacoa-stamina-webek-1656\/"},"modified":"2026-03-04T06:15:00","modified_gmt":"2026-03-04T05:15:00","slug":"set-para-barbacoa-stamina-webek-1656","status":"publish","type":"product","link":"https:\/\/grupotextil.es\/en\/product\/set-para-barbacoa-stamina-webek-1656\/","title":{"rendered":"Set Para Barbacoa Stamina Webek 1656"},"content":{"rendered":"<p>Set para barbacoa con 4 accesorios elaborados en acero inoxidable con mango de madera: cuchillo, trinchador, pinzas, esp\u00e1tula, adem\u00e1s de una tabla de cortar en madera que le da a este set mayor versatilidad y funcionalidad. Cuenta con una funda elaborada en poli\u00e9ster reciclado que hace m\u00e1s f\u00e1cil su transporte, manteniendo todos los accesorios protegidos gracias al sistema de sujeci\u00f3n individual.<\/p>","protected":false},"excerpt":{"rendered":"<p>Set para barbacoa con 4 accesorios elaborados en acero inoxidable con mango de madera: cuchillo, trinchador, pinzas, esp\u00e1tula, adem\u00e1s de una tabla de cortar en madera que le da a este set mayor versatilidad y funcionalidad. Cuenta con una funda elaborada en poli\u00e9ster reciclado que hace m\u00e1s f\u00e1cil su transporte, manteniendo todos los accesorios protegidos gracias al sistema de sujeci\u00f3n individual.<\/p>","protected":false},"featured_media":212966,"comment_status":"open","ping_status":"closed","template":"","meta":{"_acf_changed":false},"product_brand":[14012],"product_cat":[14006,13971],"product_tag":[],"class_list":{"0":"post-212965","1":"product","2":"type-product","3":"status-publish","4":"has-post-thumbnail","6":"product_brand-stamina","7":"product_cat-acc-merchandising","8":"product_cat-mr-tazas","9":"tm-no-options","11":"first","12":"instock","13":"taxable","14":"shipping-taxable","15":"product-type-variable"},"acf":[],"_links":{"self":[{"href":"https:\/\/grupotextil.es\/en\/wp-json\/wp\/v2\/product\/212965","targetHints":{"allow":["GET"]}}],"collection":[{"href":"https:\/\/grupotextil.es\/en\/wp-json\/wp\/v2\/product"}],"about":[{"href":"https:\/\/grupotextil.es\/en\/wp-json\/wp\/v2\/types\/product"}],"replies":[{"embeddable":true,"href":"https:\/\/grupotextil.es\/en\/wp-json\/wp\/v2\/comments?post=212965"}],"wp:featuredmedia":[{"embeddable":true,"href":"https:\/\/grupotextil.es\/en\/wp-json\/wp\/v2\/media\/212966"}],"wp:attachment":[{"href":"https:\/\/grupotextil.es\/en\/wp-json\/wp\/v2\/media?parent=212965"}],"wp:term":[{"taxonomy":"product_brand","embeddable":true,"href":"https:\/\/grupotextil.es\/en\/wp-json\/wp\/v2\/product_brand?post=212965"},{"taxonomy":"product_cat","embeddable":true,"href":"https:\/\/grupotextil.es\/en\/wp-json\/wp\/v2\/product_cat?post=212965"},{"taxonomy":"product_tag","embeddable":true,"href":"https:\/\/grupotextil.es\/en\/wp-json\/wp\/v2\/product_tag?post=212965"}],"curies":[{"name":"wp","href":"https:\/\/api.w.org\/{rel}","templated":true}]}}