{"id":213009,"date":"2026-03-04T02:45:31","date_gmt":"2026-03-04T01:45:31","guid":{"rendered":"https:\/\/grupotextil.es\/producto\/mochila-infantil-stamina-bingo-1710\/"},"modified":"2026-03-04T06:15:01","modified_gmt":"2026-03-04T05:15:01","slug":"mochila-infantil-stamina-bingo-1710","status":"publish","type":"product","link":"https:\/\/grupotextil.es\/en\/product\/mochila-infantil-stamina-bingo-1710\/","title":{"rendered":"Mochila Infantil Stamina Bingo 1710"},"content":{"rendered":"<p>Mochila infantil realizada en RPET con divertido dise\u00f1o de animales. Cuenta con un bolsillo exterior y uno principal, ambos con cierre de cremallera. Con asas y espalda acolchadas y cinta ajustable. 5 dise\u00f1os disponibles. Especialmente dise\u00f1ada para el almacenaje de los enseres de los m\u00e1s peque\u00f1os, una opci\u00f3n sostenible y divertida.<\/p>","protected":false},"excerpt":{"rendered":"<p>Mochila infantil realizada en RPET con divertido dise\u00f1o de animales. Cuenta con un bolsillo exterior y uno principal, ambos con cierre de cremallera. Con asas y espalda acolchadas y cinta ajustable. 5 dise\u00f1os disponibles. Especialmente dise\u00f1ada para el almacenaje de los enseres de los m\u00e1s peque\u00f1os, una opci\u00f3n sostenible y divertida.<\/p>","protected":false},"featured_media":213010,"comment_status":"open","ping_status":"closed","template":"","meta":{"_acf_changed":false},"product_brand":[14012],"product_cat":[13954],"product_tag":[],"class_list":{"0":"post-213009","1":"product","2":"type-product","3":"status-publish","4":"has-post-thumbnail","6":"product_brand-stamina","7":"product_cat-acc-bolsas-y-mochilas","8":"tm-no-options","10":"first","11":"instock","12":"taxable","13":"shipping-taxable","14":"product-type-variable"},"acf":[],"_links":{"self":[{"href":"https:\/\/grupotextil.es\/en\/wp-json\/wp\/v2\/product\/213009","targetHints":{"allow":["GET"]}}],"collection":[{"href":"https:\/\/grupotextil.es\/en\/wp-json\/wp\/v2\/product"}],"about":[{"href":"https:\/\/grupotextil.es\/en\/wp-json\/wp\/v2\/types\/product"}],"replies":[{"embeddable":true,"href":"https:\/\/grupotextil.es\/en\/wp-json\/wp\/v2\/comments?post=213009"}],"wp:featuredmedia":[{"embeddable":true,"href":"https:\/\/grupotextil.es\/en\/wp-json\/wp\/v2\/media\/213010"}],"wp:attachment":[{"href":"https:\/\/grupotextil.es\/en\/wp-json\/wp\/v2\/media?parent=213009"}],"wp:term":[{"taxonomy":"product_brand","embeddable":true,"href":"https:\/\/grupotextil.es\/en\/wp-json\/wp\/v2\/product_brand?post=213009"},{"taxonomy":"product_cat","embeddable":true,"href":"https:\/\/grupotextil.es\/en\/wp-json\/wp\/v2\/product_cat?post=213009"},{"taxonomy":"product_tag","embeddable":true,"href":"https:\/\/grupotextil.es\/en\/wp-json\/wp\/v2\/product_tag?post=213009"}],"curies":[{"name":"wp","href":"https:\/\/api.w.org\/{rel}","templated":true}]}}