{"id":213019,"date":"2026-03-04T02:45:39","date_gmt":"2026-03-04T01:45:39","guid":{"rendered":"https:\/\/grupotextil.es\/producto\/monedero-de-pana-dake-1737\/"},"modified":"2026-03-04T06:15:01","modified_gmt":"2026-03-04T05:15:01","slug":"monedero-de-pana-dake-1737","status":"publish","type":"product","link":"https:\/\/grupotextil.es\/en\/product\/monedero-de-pana-dake-1737\/","title":{"rendered":"Monedero De Pana Dake 1737"},"content":{"rendered":"<p>Monedero realizado en tejido de pana con cierre de cremallera en el mismo color que el monedero y tirador de \u00e9sta a juego. Una opci\u00f3n pr\u00e1ctica para el transporte de tus monedas o enseres de peque\u00f1o tama\u00f1o.<\/p>","protected":false},"excerpt":{"rendered":"<p>Monedero realizado en tejido de pana con cierre de cremallera en el mismo color que el monedero y tirador de \u00e9sta a juego. Una opci\u00f3n pr\u00e1ctica para el transporte de tus monedas o enseres de peque\u00f1o tama\u00f1o.<\/p>","protected":false},"featured_media":213020,"comment_status":"open","ping_status":"closed","template":"","meta":{"_acf_changed":false},"product_brand":[14012],"product_cat":[13948],"product_tag":[],"class_list":{"0":"post-213019","1":"product","2":"type-product","3":"status-publish","4":"has-post-thumbnail","6":"product_brand-stamina","7":"product_cat-accesorios","8":"tm-no-options","10":"first","11":"instock","12":"taxable","13":"shipping-taxable","14":"product-type-variable"},"acf":[],"_links":{"self":[{"href":"https:\/\/grupotextil.es\/en\/wp-json\/wp\/v2\/product\/213019","targetHints":{"allow":["GET"]}}],"collection":[{"href":"https:\/\/grupotextil.es\/en\/wp-json\/wp\/v2\/product"}],"about":[{"href":"https:\/\/grupotextil.es\/en\/wp-json\/wp\/v2\/types\/product"}],"replies":[{"embeddable":true,"href":"https:\/\/grupotextil.es\/en\/wp-json\/wp\/v2\/comments?post=213019"}],"wp:featuredmedia":[{"embeddable":true,"href":"https:\/\/grupotextil.es\/en\/wp-json\/wp\/v2\/media\/213020"}],"wp:attachment":[{"href":"https:\/\/grupotextil.es\/en\/wp-json\/wp\/v2\/media?parent=213019"}],"wp:term":[{"taxonomy":"product_brand","embeddable":true,"href":"https:\/\/grupotextil.es\/en\/wp-json\/wp\/v2\/product_brand?post=213019"},{"taxonomy":"product_cat","embeddable":true,"href":"https:\/\/grupotextil.es\/en\/wp-json\/wp\/v2\/product_cat?post=213019"},{"taxonomy":"product_tag","embeddable":true,"href":"https:\/\/grupotextil.es\/en\/wp-json\/wp\/v2\/product_tag?post=213019"}],"curies":[{"name":"wp","href":"https:\/\/api.w.org\/{rel}","templated":true}]}}