{"id":213030,"date":"2026-03-04T02:45:49","date_gmt":"2026-03-04T01:45:49","guid":{"rendered":"https:\/\/grupotextil.es\/producto\/mochila-de-viaje-stamina-rayan-1549\/"},"modified":"2026-03-04T06:15:01","modified_gmt":"2026-03-04T05:15:01","slug":"mochila-de-viaje-stamina-rayan-1549","status":"publish","type":"product","link":"https:\/\/grupotextil.es\/en\/product\/mochila-de-viaje-stamina-rayan-1549\/","title":{"rendered":"Mochila de Viaje Stamina Rayan 1549"},"content":{"rendered":"<p>La mochila de viaje extensible realizada en PU Leather ofrece gran capacidad y confort con espalda y asas acolchadas. Incluye bolsillo exterior frontal con cierre de cremallera. Cuenta con tres compartimentos de equipaje. El primero cuenta con bolsillos internos de almacenamiento para peque\u00f1os objetos. El central cuenta con rejilla especial separadora y otro compartimento especialmente acolchado para ordenadores y otros dispositivos. Tambi\u00e9n equipada con bolsillos antirrobo en la parte trasera y en el asa izquierda, adem\u00e1s de cable conector integrado para bater\u00eda externa y cinta para trolley. Con capacidad de 40L.<\/p>","protected":false},"excerpt":{"rendered":"<p>La mochila de viaje extensible realizada en PU Leather ofrece gran capacidad y confort con espalda y asas acolchadas. Incluye bolsillo exterior frontal con cierre de cremallera. Cuenta con tres compartimentos de equipaje. El primero cuenta con bolsillos internos de almacenamiento para peque\u00f1os objetos. El central cuenta con rejilla especial separadora y otro compartimento especialmente acolchado para ordenadores y otros dispositivos. Tambi\u00e9n equipada con bolsillos antirrobo en la parte trasera y en el asa izquierda, adem\u00e1s de cable conector integrado para bater\u00eda externa y cinta para trolley. Con capacidad de 40L.<\/p>","protected":false},"featured_media":213031,"comment_status":"open","ping_status":"closed","template":"","meta":{"_acf_changed":false},"product_brand":[14012],"product_cat":[13954],"product_tag":[],"class_list":{"0":"post-213030","1":"product","2":"type-product","3":"status-publish","4":"has-post-thumbnail","6":"product_brand-stamina","7":"product_cat-acc-bolsas-y-mochilas","8":"tm-no-options","10":"first","11":"instock","12":"taxable","13":"shipping-taxable","14":"product-type-variable"},"acf":[],"_links":{"self":[{"href":"https:\/\/grupotextil.es\/en\/wp-json\/wp\/v2\/product\/213030","targetHints":{"allow":["GET"]}}],"collection":[{"href":"https:\/\/grupotextil.es\/en\/wp-json\/wp\/v2\/product"}],"about":[{"href":"https:\/\/grupotextil.es\/en\/wp-json\/wp\/v2\/types\/product"}],"replies":[{"embeddable":true,"href":"https:\/\/grupotextil.es\/en\/wp-json\/wp\/v2\/comments?post=213030"}],"wp:featuredmedia":[{"embeddable":true,"href":"https:\/\/grupotextil.es\/en\/wp-json\/wp\/v2\/media\/213031"}],"wp:attachment":[{"href":"https:\/\/grupotextil.es\/en\/wp-json\/wp\/v2\/media?parent=213030"}],"wp:term":[{"taxonomy":"product_brand","embeddable":true,"href":"https:\/\/grupotextil.es\/en\/wp-json\/wp\/v2\/product_brand?post=213030"},{"taxonomy":"product_cat","embeddable":true,"href":"https:\/\/grupotextil.es\/en\/wp-json\/wp\/v2\/product_cat?post=213030"},{"taxonomy":"product_tag","embeddable":true,"href":"https:\/\/grupotextil.es\/en\/wp-json\/wp\/v2\/product_tag?post=213030"}],"curies":[{"name":"wp","href":"https:\/\/api.w.org\/{rel}","templated":true}]}}