{"id":213076,"date":"2026-03-04T02:46:36","date_gmt":"2026-03-04T01:46:36","guid":{"rendered":"https:\/\/grupotextil.es\/producto\/calentador-de-tazas-stamina-naser-1570\/"},"modified":"2026-03-04T06:15:01","modified_gmt":"2026-03-04T05:15:01","slug":"calentador-de-tazas-stamina-naser-1570","status":"publish","type":"product","link":"https:\/\/grupotextil.es\/en\/product\/calentador-de-tazas-stamina-naser-1570\/","title":{"rendered":"Calentador De Tazas Stamina Naser 1570"},"content":{"rendered":"<p>Calentador de tazas realizado en bamb\u00fa con bandeja para carga r\u00e1pida inal\u00e1mbrica de hasta 15W para dispositivos provistos de esta tecnolog\u00eda. Con indicador luminoso de carga. Cuenta con ranura soporte para smartphone.<\/p>","protected":false},"excerpt":{"rendered":"<p>Calentador de tazas realizado en bamb\u00fa con bandeja para carga r\u00e1pida inal\u00e1mbrica de hasta 15W para dispositivos provistos de esta tecnolog\u00eda. Con indicador luminoso de carga. Cuenta con ranura soporte para smartphone.<\/p>","protected":false},"featured_media":213077,"comment_status":"open","ping_status":"closed","template":"","meta":{"_acf_changed":false},"product_brand":[14012],"product_cat":[14006,13971],"product_tag":[],"class_list":{"0":"post-213076","1":"product","2":"type-product","3":"status-publish","4":"has-post-thumbnail","6":"product_brand-stamina","7":"product_cat-acc-merchandising","8":"product_cat-mr-tazas","9":"tm-no-options","11":"first","12":"instock","13":"taxable","14":"shipping-taxable","15":"product-type-variable"},"acf":[],"_links":{"self":[{"href":"https:\/\/grupotextil.es\/en\/wp-json\/wp\/v2\/product\/213076","targetHints":{"allow":["GET"]}}],"collection":[{"href":"https:\/\/grupotextil.es\/en\/wp-json\/wp\/v2\/product"}],"about":[{"href":"https:\/\/grupotextil.es\/en\/wp-json\/wp\/v2\/types\/product"}],"replies":[{"embeddable":true,"href":"https:\/\/grupotextil.es\/en\/wp-json\/wp\/v2\/comments?post=213076"}],"wp:featuredmedia":[{"embeddable":true,"href":"https:\/\/grupotextil.es\/en\/wp-json\/wp\/v2\/media\/213077"}],"wp:attachment":[{"href":"https:\/\/grupotextil.es\/en\/wp-json\/wp\/v2\/media?parent=213076"}],"wp:term":[{"taxonomy":"product_brand","embeddable":true,"href":"https:\/\/grupotextil.es\/en\/wp-json\/wp\/v2\/product_brand?post=213076"},{"taxonomy":"product_cat","embeddable":true,"href":"https:\/\/grupotextil.es\/en\/wp-json\/wp\/v2\/product_cat?post=213076"},{"taxonomy":"product_tag","embeddable":true,"href":"https:\/\/grupotextil.es\/en\/wp-json\/wp\/v2\/product_tag?post=213076"}],"curies":[{"name":"wp","href":"https:\/\/api.w.org\/{rel}","templated":true}]}}