{"id":213091,"date":"2026-03-04T02:46:54","date_gmt":"2026-03-04T01:46:54","guid":{"rendered":"https:\/\/grupotextil.es\/producto\/barbacoa-portatil-stamina-filet-1567\/"},"modified":"2026-03-04T06:15:01","modified_gmt":"2026-03-04T05:15:01","slug":"barbacoa-portatil-stamina-filet-1567","status":"publish","type":"product","link":"https:\/\/grupotextil.es\/en\/product\/barbacoa-portatil-stamina-filet-1567\/","title":{"rendered":"Barbacoa Port\u00e1til Stamina Filet 1567"},"content":{"rendered":"<p>Barbacoa port\u00e1til para carb\u00f3n realizada en acero inoxidable. Es plegable, mejorando su transporte, y cuenta con parrilla desmontable. Sus piezas son f\u00e1cilmente desmontables para facilitar su limpieza. Incorpora unas patas de sujeci\u00f3n abatibles para hacerla m\u00e1s estable y pr\u00e1ctica en su uso, adem\u00e1s de mejorar su guardado.<\/p>","protected":false},"excerpt":{"rendered":"<p>Barbacoa port\u00e1til para carb\u00f3n realizada en acero inoxidable. Es plegable, mejorando su transporte, y cuenta con parrilla desmontable. Sus piezas son f\u00e1cilmente desmontables para facilitar su limpieza. Incorpora unas patas de sujeci\u00f3n abatibles para hacerla m\u00e1s estable y pr\u00e1ctica en su uso, adem\u00e1s de mejorar su guardado.<\/p>","protected":false},"featured_media":213092,"comment_status":"open","ping_status":"closed","template":"","meta":{"_acf_changed":false},"product_brand":[14012],"product_cat":[14006,13971],"product_tag":[],"class_list":{"0":"post-213091","1":"product","2":"type-product","3":"status-publish","4":"has-post-thumbnail","6":"product_brand-stamina","7":"product_cat-acc-merchandising","8":"product_cat-mr-tazas","9":"tm-no-options","11":"first","12":"instock","13":"taxable","14":"shipping-taxable","15":"product-type-variable"},"acf":[],"_links":{"self":[{"href":"https:\/\/grupotextil.es\/en\/wp-json\/wp\/v2\/product\/213091","targetHints":{"allow":["GET"]}}],"collection":[{"href":"https:\/\/grupotextil.es\/en\/wp-json\/wp\/v2\/product"}],"about":[{"href":"https:\/\/grupotextil.es\/en\/wp-json\/wp\/v2\/types\/product"}],"replies":[{"embeddable":true,"href":"https:\/\/grupotextil.es\/en\/wp-json\/wp\/v2\/comments?post=213091"}],"wp:featuredmedia":[{"embeddable":true,"href":"https:\/\/grupotextil.es\/en\/wp-json\/wp\/v2\/media\/213092"}],"wp:attachment":[{"href":"https:\/\/grupotextil.es\/en\/wp-json\/wp\/v2\/media?parent=213091"}],"wp:term":[{"taxonomy":"product_brand","embeddable":true,"href":"https:\/\/grupotextil.es\/en\/wp-json\/wp\/v2\/product_brand?post=213091"},{"taxonomy":"product_cat","embeddable":true,"href":"https:\/\/grupotextil.es\/en\/wp-json\/wp\/v2\/product_cat?post=213091"},{"taxonomy":"product_tag","embeddable":true,"href":"https:\/\/grupotextil.es\/en\/wp-json\/wp\/v2\/product_tag?post=213091"}],"curies":[{"name":"wp","href":"https:\/\/api.w.org\/{rel}","templated":true}]}}