{"id":213099,"date":"2026-03-04T02:47:04","date_gmt":"2026-03-04T01:47:04","guid":{"rendered":"https:\/\/grupotextil.es\/producto\/colchoneta-inflable-stamina-pembra-1757\/"},"modified":"2026-03-04T06:15:01","modified_gmt":"2026-03-04T05:15:01","slug":"colchoneta-inflable-stamina-pembra-1757","status":"publish","type":"product","link":"https:\/\/grupotextil.es\/en\/product\/colchoneta-inflable-stamina-pembra-1757\/","title":{"rendered":"Colchoneta Inflable Stamina Pembra 1757"},"content":{"rendered":"<p>Colchoneta con cuerpo hinchable elaborada en PVC en divertidos colores solidos. Una opci\u00f3n divertida y c\u00f3moda para disfrutar del ba\u00f1o.<\/p>","protected":false},"excerpt":{"rendered":"<p>Colchoneta con cuerpo hinchable elaborada en PVC en divertidos colores solidos. Una opci\u00f3n divertida y c\u00f3moda para disfrutar del ba\u00f1o.<\/p>","protected":false},"featured_media":213100,"comment_status":"open","ping_status":"closed","template":"","meta":{"_acf_changed":false},"product_brand":[14012],"product_cat":[13961,14006],"product_tag":[],"class_list":{"0":"post-213099","1":"product","2":"type-product","3":"status-publish","4":"has-post-thumbnail","6":"product_brand-stamina","7":"product_cat-mr-articulos-de-playa","8":"product_cat-acc-merchandising","9":"tm-no-options","11":"first","12":"instock","13":"taxable","14":"shipping-taxable","15":"product-type-variable"},"acf":[],"_links":{"self":[{"href":"https:\/\/grupotextil.es\/en\/wp-json\/wp\/v2\/product\/213099","targetHints":{"allow":["GET"]}}],"collection":[{"href":"https:\/\/grupotextil.es\/en\/wp-json\/wp\/v2\/product"}],"about":[{"href":"https:\/\/grupotextil.es\/en\/wp-json\/wp\/v2\/types\/product"}],"replies":[{"embeddable":true,"href":"https:\/\/grupotextil.es\/en\/wp-json\/wp\/v2\/comments?post=213099"}],"wp:featuredmedia":[{"embeddable":true,"href":"https:\/\/grupotextil.es\/en\/wp-json\/wp\/v2\/media\/213100"}],"wp:attachment":[{"href":"https:\/\/grupotextil.es\/en\/wp-json\/wp\/v2\/media?parent=213099"}],"wp:term":[{"taxonomy":"product_brand","embeddable":true,"href":"https:\/\/grupotextil.es\/en\/wp-json\/wp\/v2\/product_brand?post=213099"},{"taxonomy":"product_cat","embeddable":true,"href":"https:\/\/grupotextil.es\/en\/wp-json\/wp\/v2\/product_cat?post=213099"},{"taxonomy":"product_tag","embeddable":true,"href":"https:\/\/grupotextil.es\/en\/wp-json\/wp\/v2\/product_tag?post=213099"}],"curies":[{"name":"wp","href":"https:\/\/api.w.org\/{rel}","templated":true}]}}