{"id":213109,"date":"2026-03-04T02:47:16","date_gmt":"2026-03-04T01:47:16","guid":{"rendered":"https:\/\/grupotextil.es\/producto\/altavoz-lampara-stamina-tremens-1801\/"},"modified":"2026-03-04T06:15:01","modified_gmt":"2026-03-04T05:15:01","slug":"altavoz-lampara-stamina-tremens-1801","status":"publish","type":"product","link":"https:\/\/grupotextil.es\/en\/product\/altavoz-lampara-stamina-tremens-1801\/","title":{"rendered":"Altavoz L\u00e1mpara Stamina Tremens 1801"},"content":{"rendered":"<p>L\u00e1mpara altavoz con potencia de 5W, realizada en poli\u00e9ster reciclado R-PET con detalles en bamb\u00fa. Incluye funci\u00f3n de temporizador e indicador de tiempo, con intervalos desde 30 hasta 90 minutos para el apagado autom\u00e1tico. Con tres modos de iluminaci\u00f3n: blanca, neutra y c\u00e1lida. El altavoz incorpora 6 sonidos relajantes, conexi\u00f3n Bluetooth e indicador LED luminoso de conexi\u00f3n y de carga. Tiempo m\u00e1ximo de funcionamiento alrededor de 5 horas y hasta 10 metros de distancia m\u00e1xima.<\/p>","protected":false},"excerpt":{"rendered":"<p>L\u00e1mpara altavoz con potencia de 5W, realizada en poli\u00e9ster reciclado R-PET con detalles en bamb\u00fa. Incluye funci\u00f3n de temporizador e indicador de tiempo, con intervalos desde 30 hasta 90 minutos para el apagado autom\u00e1tico. Con tres modos de iluminaci\u00f3n: blanca, neutra y c\u00e1lida. El altavoz incorpora 6 sonidos relajantes, conexi\u00f3n Bluetooth e indicador LED luminoso de conexi\u00f3n y de carga. Tiempo m\u00e1ximo de funcionamiento alrededor de 5 horas y hasta 10 metros de distancia m\u00e1xima.<\/p>","protected":false},"featured_media":213110,"comment_status":"open","ping_status":"closed","template":"","meta":{"_acf_changed":false},"product_brand":[14012],"product_cat":[13948,14008,9841],"product_tag":[],"class_list":{"0":"post-213109","1":"product","2":"type-product","3":"status-publish","4":"has-post-thumbnail","6":"product_brand-stamina","7":"product_cat-accesorios","8":"product_cat-accesorios-reciclados","9":"product_cat-sostenible","10":"tm-no-options","12":"first","13":"instock","14":"taxable","15":"shipping-taxable","16":"product-type-variable"},"acf":[],"_links":{"self":[{"href":"https:\/\/grupotextil.es\/en\/wp-json\/wp\/v2\/product\/213109","targetHints":{"allow":["GET"]}}],"collection":[{"href":"https:\/\/grupotextil.es\/en\/wp-json\/wp\/v2\/product"}],"about":[{"href":"https:\/\/grupotextil.es\/en\/wp-json\/wp\/v2\/types\/product"}],"replies":[{"embeddable":true,"href":"https:\/\/grupotextil.es\/en\/wp-json\/wp\/v2\/comments?post=213109"}],"wp:featuredmedia":[{"embeddable":true,"href":"https:\/\/grupotextil.es\/en\/wp-json\/wp\/v2\/media\/213110"}],"wp:attachment":[{"href":"https:\/\/grupotextil.es\/en\/wp-json\/wp\/v2\/media?parent=213109"}],"wp:term":[{"taxonomy":"product_brand","embeddable":true,"href":"https:\/\/grupotextil.es\/en\/wp-json\/wp\/v2\/product_brand?post=213109"},{"taxonomy":"product_cat","embeddable":true,"href":"https:\/\/grupotextil.es\/en\/wp-json\/wp\/v2\/product_cat?post=213109"},{"taxonomy":"product_tag","embeddable":true,"href":"https:\/\/grupotextil.es\/en\/wp-json\/wp\/v2\/product_tag?post=213109"}],"curies":[{"name":"wp","href":"https:\/\/api.w.org\/{rel}","templated":true}]}}