{"id":213116,"date":"2026-03-04T02:47:25","date_gmt":"2026-03-04T01:47:25","guid":{"rendered":"https:\/\/grupotextil.es\/producto\/pizarra-digital-con-cargador-inalambrico-stamina-volter-1759\/"},"modified":"2026-03-04T06:15:01","modified_gmt":"2026-03-04T05:15:01","slug":"pizarra-digital-con-cargador-inalambrico-stamina-volter-1759","status":"publish","type":"product","link":"https:\/\/grupotextil.es\/en\/product\/pizarra-digital-con-cargador-inalambrico-stamina-volter-1759\/","title":{"rendered":"Pizarra Digital Con Cargador Inal\u00e1mbrico Stamina Volter 1759"},"content":{"rendered":"<p>Pizarra digital de 6\u2033, con cuerpo elaborado en fibra de trigo. Incluye superficie de carga inal\u00e1mbrica en bamb\u00fa de 15W de potencia. Incluye accesorio extensible como soporte de smartphone. Compatible con dispositivos m\u00f3viles provistos de esta tecnolog\u00eda de carga. Cuenta con bot\u00f3n de borrado de pizarra y l\u00e1piz incluido.<\/p>","protected":false},"excerpt":{"rendered":"<p>Pizarra digital de 6\u2033, con cuerpo elaborado en fibra de trigo. Incluye superficie de carga inal\u00e1mbrica en bamb\u00fa de 15W de potencia. Incluye accesorio extensible como soporte de smartphone. Compatible con dispositivos m\u00f3viles provistos de esta tecnolog\u00eda de carga. Cuenta con bot\u00f3n de borrado de pizarra y l\u00e1piz incluido.<\/p>","protected":false},"featured_media":213117,"comment_status":"open","ping_status":"closed","template":"","meta":{"_acf_changed":false},"product_brand":[14012],"product_cat":[14006,13959],"product_tag":[],"class_list":{"0":"post-213116","1":"product","2":"type-product","3":"status-publish","4":"has-post-thumbnail","6":"product_brand-stamina","7":"product_cat-acc-merchandising","8":"product_cat-mr-tecnologia","9":"tm-no-options","11":"first","12":"instock","13":"taxable","14":"shipping-taxable","15":"product-type-variable"},"acf":[],"_links":{"self":[{"href":"https:\/\/grupotextil.es\/en\/wp-json\/wp\/v2\/product\/213116","targetHints":{"allow":["GET"]}}],"collection":[{"href":"https:\/\/grupotextil.es\/en\/wp-json\/wp\/v2\/product"}],"about":[{"href":"https:\/\/grupotextil.es\/en\/wp-json\/wp\/v2\/types\/product"}],"replies":[{"embeddable":true,"href":"https:\/\/grupotextil.es\/en\/wp-json\/wp\/v2\/comments?post=213116"}],"wp:featuredmedia":[{"embeddable":true,"href":"https:\/\/grupotextil.es\/en\/wp-json\/wp\/v2\/media\/213117"}],"wp:attachment":[{"href":"https:\/\/grupotextil.es\/en\/wp-json\/wp\/v2\/media?parent=213116"}],"wp:term":[{"taxonomy":"product_brand","embeddable":true,"href":"https:\/\/grupotextil.es\/en\/wp-json\/wp\/v2\/product_brand?post=213116"},{"taxonomy":"product_cat","embeddable":true,"href":"https:\/\/grupotextil.es\/en\/wp-json\/wp\/v2\/product_cat?post=213116"},{"taxonomy":"product_tag","embeddable":true,"href":"https:\/\/grupotextil.es\/en\/wp-json\/wp\/v2\/product_tag?post=213116"}],"curies":[{"name":"wp","href":"https:\/\/api.w.org\/{rel}","templated":true}]}}