{"id":213138,"date":"2026-03-04T02:47:47","date_gmt":"2026-03-04T01:47:47","guid":{"rendered":"https:\/\/grupotextil.es\/producto\/bandolera-rinonera-stamina-lagax-1775\/"},"modified":"2026-03-04T06:15:02","modified_gmt":"2026-03-04T05:15:02","slug":"bandolera-rinonera-stamina-lagax-1775","status":"publish","type":"product","link":"https:\/\/grupotextil.es\/en\/product\/bandolera-rinonera-stamina-lagax-1775\/","title":{"rendered":"Bandolera Ri\u00f1onera Stamina Lagax 1775"},"content":{"rendered":"<p>C\u00f3moda ri\u00f1onera realizada en 300D RPET con bolsillo frontal, una opci\u00f3n funcional y sostenible. Cuenta con un cierre de hebilla que hace m\u00e1s f\u00e1cil y vers\u00e1til su uso. Adem\u00e1s, tiene un compartimento principal y otro adicional en la parte interna para el almacenaje de objetos m\u00e1s peque\u00f1os.<\/p>","protected":false},"excerpt":{"rendered":"<p>C\u00f3moda ri\u00f1onera realizada en 300D RPET con bolsillo frontal, una opci\u00f3n funcional y sostenible. Cuenta con un cierre de hebilla que hace m\u00e1s f\u00e1cil y vers\u00e1til su uso. Adem\u00e1s, tiene un compartimento principal y otro adicional en la parte interna para el almacenaje de objetos m\u00e1s peque\u00f1os.<\/p>","protected":false},"featured_media":213139,"comment_status":"open","ping_status":"closed","template":"","meta":{"_acf_changed":false},"product_brand":[14012],"product_cat":[13948,14008,9841],"product_tag":[],"class_list":{"0":"post-213138","1":"product","2":"type-product","3":"status-publish","4":"has-post-thumbnail","6":"product_brand-stamina","7":"product_cat-accesorios","8":"product_cat-accesorios-reciclados","9":"product_cat-sostenible","10":"tm-no-options","12":"first","13":"instock","14":"taxable","15":"shipping-taxable","16":"product-type-variable"},"acf":[],"_links":{"self":[{"href":"https:\/\/grupotextil.es\/en\/wp-json\/wp\/v2\/product\/213138","targetHints":{"allow":["GET"]}}],"collection":[{"href":"https:\/\/grupotextil.es\/en\/wp-json\/wp\/v2\/product"}],"about":[{"href":"https:\/\/grupotextil.es\/en\/wp-json\/wp\/v2\/types\/product"}],"replies":[{"embeddable":true,"href":"https:\/\/grupotextil.es\/en\/wp-json\/wp\/v2\/comments?post=213138"}],"wp:featuredmedia":[{"embeddable":true,"href":"https:\/\/grupotextil.es\/en\/wp-json\/wp\/v2\/media\/213139"}],"wp:attachment":[{"href":"https:\/\/grupotextil.es\/en\/wp-json\/wp\/v2\/media?parent=213138"}],"wp:term":[{"taxonomy":"product_brand","embeddable":true,"href":"https:\/\/grupotextil.es\/en\/wp-json\/wp\/v2\/product_brand?post=213138"},{"taxonomy":"product_cat","embeddable":true,"href":"https:\/\/grupotextil.es\/en\/wp-json\/wp\/v2\/product_cat?post=213138"},{"taxonomy":"product_tag","embeddable":true,"href":"https:\/\/grupotextil.es\/en\/wp-json\/wp\/v2\/product_tag?post=213138"}],"curies":[{"name":"wp","href":"https:\/\/api.w.org\/{rel}","templated":true}]}}