{"id":213178,"date":"2026-03-04T02:48:24","date_gmt":"2026-03-04T01:48:24","guid":{"rendered":"https:\/\/grupotextil.es\/producto\/juego-de-habilidad-de-madera-stamina-minos-1668\/"},"modified":"2026-03-04T06:15:02","modified_gmt":"2026-03-04T05:15:02","slug":"juego-de-habilidad-de-madera-stamina-minos-1668","status":"publish","type":"product","link":"https:\/\/grupotextil.es\/en\/product\/juego-de-habilidad-de-madera-stamina-minos-1668\/","title":{"rendered":"Juego De Habilidad De Madera Stamina Minos 1668"},"content":{"rendered":"<p>Juego de habilidad fabricado en madera, dise\u00f1ado para poner a prueba tu destreza y concentraci\u00f3n en un laberinto de 14 obst\u00e1culos.<\/p>","protected":false},"excerpt":{"rendered":"<p>Juego de habilidad fabricado en madera, dise\u00f1ado para poner a prueba tu destreza y concentraci\u00f3n en un laberinto de 14 obst\u00e1culos.<\/p>","protected":false},"featured_media":213179,"comment_status":"open","ping_status":"closed","template":"","meta":{"_acf_changed":false},"product_brand":[14012],"product_cat":[13976],"product_tag":[],"class_list":{"0":"post-213178","1":"product","2":"type-product","3":"status-publish","4":"has-post-thumbnail","6":"product_brand-stamina","7":"product_cat-ropa-nino","8":"tm-no-options","10":"first","11":"outofstock","12":"taxable","13":"shipping-taxable","14":"product-type-variable"},"acf":[],"_links":{"self":[{"href":"https:\/\/grupotextil.es\/en\/wp-json\/wp\/v2\/product\/213178","targetHints":{"allow":["GET"]}}],"collection":[{"href":"https:\/\/grupotextil.es\/en\/wp-json\/wp\/v2\/product"}],"about":[{"href":"https:\/\/grupotextil.es\/en\/wp-json\/wp\/v2\/types\/product"}],"replies":[{"embeddable":true,"href":"https:\/\/grupotextil.es\/en\/wp-json\/wp\/v2\/comments?post=213178"}],"wp:featuredmedia":[{"embeddable":true,"href":"https:\/\/grupotextil.es\/en\/wp-json\/wp\/v2\/media\/213179"}],"wp:attachment":[{"href":"https:\/\/grupotextil.es\/en\/wp-json\/wp\/v2\/media?parent=213178"}],"wp:term":[{"taxonomy":"product_brand","embeddable":true,"href":"https:\/\/grupotextil.es\/en\/wp-json\/wp\/v2\/product_brand?post=213178"},{"taxonomy":"product_cat","embeddable":true,"href":"https:\/\/grupotextil.es\/en\/wp-json\/wp\/v2\/product_cat?post=213178"},{"taxonomy":"product_tag","embeddable":true,"href":"https:\/\/grupotextil.es\/en\/wp-json\/wp\/v2\/product_tag?post=213178"}],"curies":[{"name":"wp","href":"https:\/\/api.w.org\/{rel}","templated":true}]}}