{"id":213210,"date":"2026-03-04T02:48:53","date_gmt":"2026-03-04T01:48:53","guid":{"rendered":"https:\/\/grupotextil.es\/producto\/domino-de-madera-buelix-1682\/"},"modified":"2026-03-04T06:15:02","modified_gmt":"2026-03-04T05:15:02","slug":"domino-de-madera-buelix-1682","status":"publish","type":"product","link":"https:\/\/grupotextil.es\/en\/product\/domino-de-madera-buelix-1682\/","title":{"rendered":"Domin\u00f3 De Madera Buelix 1682"},"content":{"rendered":"<p>Domin\u00f3 de madera con dise\u00f1o de animales compuesto de 28 piezas.<\/p>","protected":false},"excerpt":{"rendered":"<p>Domin\u00f3 de madera con dise\u00f1o de animales compuesto de 28 piezas.<\/p>","protected":false},"featured_media":213211,"comment_status":"open","ping_status":"closed","template":"","meta":{"_acf_changed":false},"product_brand":[14012],"product_cat":[13976],"product_tag":[],"class_list":{"0":"post-213210","1":"product","2":"type-product","3":"status-publish","4":"has-post-thumbnail","6":"product_brand-stamina","7":"product_cat-ropa-nino","8":"tm-no-options","10":"first","11":"instock","12":"taxable","13":"shipping-taxable","14":"product-type-variable"},"acf":[],"_links":{"self":[{"href":"https:\/\/grupotextil.es\/en\/wp-json\/wp\/v2\/product\/213210","targetHints":{"allow":["GET"]}}],"collection":[{"href":"https:\/\/grupotextil.es\/en\/wp-json\/wp\/v2\/product"}],"about":[{"href":"https:\/\/grupotextil.es\/en\/wp-json\/wp\/v2\/types\/product"}],"replies":[{"embeddable":true,"href":"https:\/\/grupotextil.es\/en\/wp-json\/wp\/v2\/comments?post=213210"}],"wp:featuredmedia":[{"embeddable":true,"href":"https:\/\/grupotextil.es\/en\/wp-json\/wp\/v2\/media\/213211"}],"wp:attachment":[{"href":"https:\/\/grupotextil.es\/en\/wp-json\/wp\/v2\/media?parent=213210"}],"wp:term":[{"taxonomy":"product_brand","embeddable":true,"href":"https:\/\/grupotextil.es\/en\/wp-json\/wp\/v2\/product_brand?post=213210"},{"taxonomy":"product_cat","embeddable":true,"href":"https:\/\/grupotextil.es\/en\/wp-json\/wp\/v2\/product_cat?post=213210"},{"taxonomy":"product_tag","embeddable":true,"href":"https:\/\/grupotextil.es\/en\/wp-json\/wp\/v2\/product_tag?post=213210"}],"curies":[{"name":"wp","href":"https:\/\/api.w.org\/{rel}","templated":true}]}}