{"id":213251,"date":"2026-03-04T02:49:53","date_gmt":"2026-03-04T01:49:53","guid":{"rendered":"https:\/\/grupotextil.es\/producto\/parchis-de-bambu-stamina-siscar-1683\/"},"modified":"2026-03-04T06:15:03","modified_gmt":"2026-03-04T05:15:03","slug":"parchis-de-bambu-stamina-siscar-1683","status":"publish","type":"product","link":"https:\/\/grupotextil.es\/en\/product\/parchis-de-bambu-stamina-siscar-1683\/","title":{"rendered":"Parch\u00eds De Bamb\u00fa Stamina Siscar 1683"},"content":{"rendered":"<p>Juego de parch\u00eds realizado en bamb\u00fa. Incluye tablero, un dado y 16 fichas de 4 colores. Incluye funda de algod\u00f3n.<\/p>","protected":false},"excerpt":{"rendered":"<p>Juego de parch\u00eds realizado en bamb\u00fa. Incluye tablero, un dado y 16 fichas de 4 colores. Incluye funda de algod\u00f3n.<\/p>","protected":false},"featured_media":213252,"comment_status":"open","ping_status":"closed","template":"","meta":{"_acf_changed":false},"product_brand":[14012],"product_cat":[13976],"product_tag":[],"class_list":{"0":"post-213251","1":"product","2":"type-product","3":"status-publish","4":"has-post-thumbnail","6":"product_brand-stamina","7":"product_cat-ropa-nino","8":"tm-no-options","10":"first","11":"instock","12":"taxable","13":"shipping-taxable","14":"product-type-variable"},"acf":[],"_links":{"self":[{"href":"https:\/\/grupotextil.es\/en\/wp-json\/wp\/v2\/product\/213251","targetHints":{"allow":["GET"]}}],"collection":[{"href":"https:\/\/grupotextil.es\/en\/wp-json\/wp\/v2\/product"}],"about":[{"href":"https:\/\/grupotextil.es\/en\/wp-json\/wp\/v2\/types\/product"}],"replies":[{"embeddable":true,"href":"https:\/\/grupotextil.es\/en\/wp-json\/wp\/v2\/comments?post=213251"}],"wp:featuredmedia":[{"embeddable":true,"href":"https:\/\/grupotextil.es\/en\/wp-json\/wp\/v2\/media\/213252"}],"wp:attachment":[{"href":"https:\/\/grupotextil.es\/en\/wp-json\/wp\/v2\/media?parent=213251"}],"wp:term":[{"taxonomy":"product_brand","embeddable":true,"href":"https:\/\/grupotextil.es\/en\/wp-json\/wp\/v2\/product_brand?post=213251"},{"taxonomy":"product_cat","embeddable":true,"href":"https:\/\/grupotextil.es\/en\/wp-json\/wp\/v2\/product_cat?post=213251"},{"taxonomy":"product_tag","embeddable":true,"href":"https:\/\/grupotextil.es\/en\/wp-json\/wp\/v2\/product_tag?post=213251"}],"curies":[{"name":"wp","href":"https:\/\/api.w.org\/{rel}","templated":true}]}}