{"id":213257,"date":"2026-03-04T02:50:01","date_gmt":"2026-03-04T01:50:01","guid":{"rendered":"https:\/\/grupotextil.es\/producto\/carpeta-multiusos-stamina-tarly-1583\/"},"modified":"2026-03-04T06:15:03","modified_gmt":"2026-03-04T05:15:03","slug":"carpeta-multiusos-stamina-tarly-1583","status":"publish","type":"product","link":"https:\/\/grupotextil.es\/en\/product\/carpeta-multiusos-stamina-tarly-1583\/","title":{"rendered":"Carpeta Multiusos Stamina Tarly 1583"},"content":{"rendered":"<p>Carpeta multiusos realizada en RPET. Tiene un tama\u00f1o A5 y cuenta con cierre magn\u00e9tico. Incluye, adem\u00e1s, un bloc de notas extra\u00edble de 80 hojas a rayas. Cuenta con 3 compartimentos principales interiores, 2 tarjeteros interiores y soporte para bol\u00edgrafo.<\/p>","protected":false},"excerpt":{"rendered":"<p>Carpeta multiusos realizada en RPET. Tiene un tama\u00f1o A5 y cuenta con cierre magn\u00e9tico. Incluye, adem\u00e1s, un bloc de notas extra\u00edble de 80 hojas a rayas. Cuenta con 3 compartimentos principales interiores, 2 tarjeteros interiores y soporte para bol\u00edgrafo.<\/p>","protected":false},"featured_media":213258,"comment_status":"open","ping_status":"closed","template":"","meta":{"_acf_changed":false},"product_brand":[14012],"product_cat":[13948,14008,9841],"product_tag":[],"class_list":{"0":"post-213257","1":"product","2":"type-product","3":"status-publish","4":"has-post-thumbnail","6":"product_brand-stamina","7":"product_cat-accesorios","8":"product_cat-accesorios-reciclados","9":"product_cat-sostenible","10":"tm-no-options","12":"first","13":"instock","14":"taxable","15":"shipping-taxable","16":"product-type-variable"},"acf":[],"_links":{"self":[{"href":"https:\/\/grupotextil.es\/en\/wp-json\/wp\/v2\/product\/213257","targetHints":{"allow":["GET"]}}],"collection":[{"href":"https:\/\/grupotextil.es\/en\/wp-json\/wp\/v2\/product"}],"about":[{"href":"https:\/\/grupotextil.es\/en\/wp-json\/wp\/v2\/types\/product"}],"replies":[{"embeddable":true,"href":"https:\/\/grupotextil.es\/en\/wp-json\/wp\/v2\/comments?post=213257"}],"wp:featuredmedia":[{"embeddable":true,"href":"https:\/\/grupotextil.es\/en\/wp-json\/wp\/v2\/media\/213258"}],"wp:attachment":[{"href":"https:\/\/grupotextil.es\/en\/wp-json\/wp\/v2\/media?parent=213257"}],"wp:term":[{"taxonomy":"product_brand","embeddable":true,"href":"https:\/\/grupotextil.es\/en\/wp-json\/wp\/v2\/product_brand?post=213257"},{"taxonomy":"product_cat","embeddable":true,"href":"https:\/\/grupotextil.es\/en\/wp-json\/wp\/v2\/product_cat?post=213257"},{"taxonomy":"product_tag","embeddable":true,"href":"https:\/\/grupotextil.es\/en\/wp-json\/wp\/v2\/product_tag?post=213257"}],"curies":[{"name":"wp","href":"https:\/\/api.w.org\/{rel}","templated":true}]}}