{"id":213278,"date":"2026-03-04T02:50:19","date_gmt":"2026-03-04T01:50:19","guid":{"rendered":"https:\/\/grupotextil.es\/producto\/abanico-bambu-stamina-lidia-1617\/"},"modified":"2026-03-04T06:15:03","modified_gmt":"2026-03-04T05:15:03","slug":"abanico-bambu-stamina-lidia-1617","status":"publish","type":"product","link":"https:\/\/grupotextil.es\/en\/product\/abanico-bambu-stamina-lidia-1617\/","title":{"rendered":"Abanico Bamb\u00fa Stamina Lidia 1617"},"content":{"rendered":"<p>Abanico con varillas de bamb\u00fa y tela de poli\u00e9ster. Disponible en una amplia variedad de colores.<\/p>","protected":false},"excerpt":{"rendered":"<p>Abanico con varillas de bamb\u00fa y tela de poli\u00e9ster. Disponible en una amplia variedad de colores.<\/p>","protected":false},"featured_media":213279,"comment_status":"open","ping_status":"closed","template":"","meta":{"_acf_changed":false},"product_brand":[14012],"product_cat":[13973],"product_tag":[],"class_list":{"0":"post-213278","1":"product","2":"type-product","3":"status-publish","4":"has-post-thumbnail","6":"product_brand-stamina","7":"product_cat-ropa","8":"tm-no-options","10":"first","11":"instock","12":"taxable","13":"shipping-taxable","14":"product-type-variable"},"acf":[],"_links":{"self":[{"href":"https:\/\/grupotextil.es\/en\/wp-json\/wp\/v2\/product\/213278","targetHints":{"allow":["GET"]}}],"collection":[{"href":"https:\/\/grupotextil.es\/en\/wp-json\/wp\/v2\/product"}],"about":[{"href":"https:\/\/grupotextil.es\/en\/wp-json\/wp\/v2\/types\/product"}],"replies":[{"embeddable":true,"href":"https:\/\/grupotextil.es\/en\/wp-json\/wp\/v2\/comments?post=213278"}],"wp:featuredmedia":[{"embeddable":true,"href":"https:\/\/grupotextil.es\/en\/wp-json\/wp\/v2\/media\/213279"}],"wp:attachment":[{"href":"https:\/\/grupotextil.es\/en\/wp-json\/wp\/v2\/media?parent=213278"}],"wp:term":[{"taxonomy":"product_brand","embeddable":true,"href":"https:\/\/grupotextil.es\/en\/wp-json\/wp\/v2\/product_brand?post=213278"},{"taxonomy":"product_cat","embeddable":true,"href":"https:\/\/grupotextil.es\/en\/wp-json\/wp\/v2\/product_cat?post=213278"},{"taxonomy":"product_tag","embeddable":true,"href":"https:\/\/grupotextil.es\/en\/wp-json\/wp\/v2\/product_tag?post=213278"}],"curies":[{"name":"wp","href":"https:\/\/api.w.org\/{rel}","templated":true}]}}