{"id":213385,"date":"2026-03-04T02:51:46","date_gmt":"2026-03-04T01:51:46","guid":{"rendered":"https:\/\/grupotextil.es\/producto\/bolsa-plegable-stamina-lopis-1651\/"},"modified":"2026-03-04T06:15:04","modified_gmt":"2026-03-04T05:15:04","slug":"bolsa-plegable-stamina-lopis-1651","status":"publish","type":"product","link":"https:\/\/grupotextil.es\/en\/product\/bolsa-plegable-stamina-lopis-1651\/","title":{"rendered":"Bolsa Plegable Stamina Lopis 1651"},"content":{"rendered":"<p>Bolsa 100% algod\u00f3n org\u00e1nico de con fuelle en la base y laterales para hacerla en una opci\u00f3n adaptable y vers\u00e1til para transportar tus enseres. Acabado natural con asas de 70 cm lo que la hace una opci\u00f3n pr\u00e1ctica, c\u00f3moda y sostenible.<\/p>","protected":false},"excerpt":{"rendered":"<p>Bolsa 100% algod\u00f3n org\u00e1nico de con fuelle en la base y laterales para hacerla en una opci\u00f3n adaptable y vers\u00e1til para transportar tus enseres. Acabado natural con asas de 70 cm lo que la hace una opci\u00f3n pr\u00e1ctica, c\u00f3moda y sostenible.<\/p>","protected":false},"featured_media":213386,"comment_status":"open","ping_status":"closed","template":"","meta":{"_acf_changed":false},"product_brand":[14012],"product_cat":[13948,14008,14007,9841],"product_tag":[],"class_list":{"0":"post-213385","1":"product","2":"type-product","3":"status-publish","4":"has-post-thumbnail","6":"product_brand-stamina","7":"product_cat-accesorios","8":"product_cat-accesorios-reciclados","9":"product_cat-ropa-organica","10":"product_cat-sostenible","11":"tm-no-options","13":"first","14":"instock","15":"taxable","16":"shipping-taxable","17":"product-type-variable"},"acf":[],"_links":{"self":[{"href":"https:\/\/grupotextil.es\/en\/wp-json\/wp\/v2\/product\/213385","targetHints":{"allow":["GET"]}}],"collection":[{"href":"https:\/\/grupotextil.es\/en\/wp-json\/wp\/v2\/product"}],"about":[{"href":"https:\/\/grupotextil.es\/en\/wp-json\/wp\/v2\/types\/product"}],"replies":[{"embeddable":true,"href":"https:\/\/grupotextil.es\/en\/wp-json\/wp\/v2\/comments?post=213385"}],"wp:featuredmedia":[{"embeddable":true,"href":"https:\/\/grupotextil.es\/en\/wp-json\/wp\/v2\/media\/213386"}],"wp:attachment":[{"href":"https:\/\/grupotextil.es\/en\/wp-json\/wp\/v2\/media?parent=213385"}],"wp:term":[{"taxonomy":"product_brand","embeddable":true,"href":"https:\/\/grupotextil.es\/en\/wp-json\/wp\/v2\/product_brand?post=213385"},{"taxonomy":"product_cat","embeddable":true,"href":"https:\/\/grupotextil.es\/en\/wp-json\/wp\/v2\/product_cat?post=213385"},{"taxonomy":"product_tag","embeddable":true,"href":"https:\/\/grupotextil.es\/en\/wp-json\/wp\/v2\/product_tag?post=213385"}],"curies":[{"name":"wp","href":"https:\/\/api.w.org\/{rel}","templated":true}]}}