{"id":213445,"date":"2026-03-04T02:52:49","date_gmt":"2026-03-04T01:52:49","guid":{"rendered":"https:\/\/grupotextil.es\/producto\/bandolera-menez-1634\/"},"modified":"2026-03-04T06:15:05","modified_gmt":"2026-03-04T05:15:05","slug":"bandolera-menez-1634","status":"publish","type":"product","link":"https:\/\/grupotextil.es\/en\/product\/bandolera-menez-1634\/","title":{"rendered":"Bandolera Menez 1634"},"content":{"rendered":"<p>Bandolera realizada en 600D RPET. Cuenta con un compartimento principal con bolsillo interior y 2 bolsillos frontales con cierre de cremallera para el almacenaje de objetos m\u00e1s peque\u00f1os. Adem\u00e1s cuenta con una cinta ajustable con detalles met\u00e1licos para mayor comodidad.<\/p>","protected":false},"excerpt":{"rendered":"<p>Bandolera realizada en 600D RPET. Cuenta con un compartimento principal con bolsillo interior y 2 bolsillos frontales con cierre de cremallera para el almacenaje de objetos m\u00e1s peque\u00f1os. Adem\u00e1s cuenta con una cinta ajustable con detalles met\u00e1licos para mayor comodidad.<\/p>","protected":false},"featured_media":213446,"comment_status":"open","ping_status":"closed","template":"","meta":{"_acf_changed":false},"product_brand":[14012],"product_cat":[13948,14008,9841],"product_tag":[],"class_list":{"0":"post-213445","1":"product","2":"type-product","3":"status-publish","4":"has-post-thumbnail","6":"product_brand-stamina","7":"product_cat-accesorios","8":"product_cat-accesorios-reciclados","9":"product_cat-sostenible","10":"tm-no-options","12":"first","13":"instock","14":"taxable","15":"shipping-taxable","16":"product-type-variable"},"acf":[],"_links":{"self":[{"href":"https:\/\/grupotextil.es\/en\/wp-json\/wp\/v2\/product\/213445","targetHints":{"allow":["GET"]}}],"collection":[{"href":"https:\/\/grupotextil.es\/en\/wp-json\/wp\/v2\/product"}],"about":[{"href":"https:\/\/grupotextil.es\/en\/wp-json\/wp\/v2\/types\/product"}],"replies":[{"embeddable":true,"href":"https:\/\/grupotextil.es\/en\/wp-json\/wp\/v2\/comments?post=213445"}],"wp:featuredmedia":[{"embeddable":true,"href":"https:\/\/grupotextil.es\/en\/wp-json\/wp\/v2\/media\/213446"}],"wp:attachment":[{"href":"https:\/\/grupotextil.es\/en\/wp-json\/wp\/v2\/media?parent=213445"}],"wp:term":[{"taxonomy":"product_brand","embeddable":true,"href":"https:\/\/grupotextil.es\/en\/wp-json\/wp\/v2\/product_brand?post=213445"},{"taxonomy":"product_cat","embeddable":true,"href":"https:\/\/grupotextil.es\/en\/wp-json\/wp\/v2\/product_cat?post=213445"},{"taxonomy":"product_tag","embeddable":true,"href":"https:\/\/grupotextil.es\/en\/wp-json\/wp\/v2\/product_tag?post=213445"}],"curies":[{"name":"wp","href":"https:\/\/api.w.org\/{rel}","templated":true}]}}