{"id":213460,"date":"2026-03-04T02:53:06","date_gmt":"2026-03-04T01:53:06","guid":{"rendered":"https:\/\/grupotextil.es\/producto\/bidon-stamina-basti-1723\/"},"modified":"2026-03-04T06:15:05","modified_gmt":"2026-03-04T05:15:05","slug":"bidon-stamina-basti-1723","status":"publish","type":"product","link":"https:\/\/grupotextil.es\/en\/product\/bidon-stamina-basti-1723\/","title":{"rendered":"Bid\u00f3n Stamina Basti 1723"},"content":{"rendered":"<p>Botella con cuerpo de RPET y base de corcho. Asa de transporte con funci\u00f3n mosquet\u00f3n en la tapa, para facilitar su transporte. Capacidad 720 ml. Su base de corcho evita el deslizamiento del bid\u00f3n en superficies. Una opci\u00f3n ligera y pr\u00e1ctica para el transporte de bebidas y l\u00edquidos.<\/p>","protected":false},"excerpt":{"rendered":"<p>Botella con cuerpo de RPET y base de corcho. Asa de transporte con funci\u00f3n mosquet\u00f3n en la tapa, para facilitar su transporte. Capacidad 720 ml. Su base de corcho evita el deslizamiento del bid\u00f3n en superficies. Una opci\u00f3n ligera y pr\u00e1ctica para el transporte de bebidas y l\u00edquidos.<\/p>","protected":false},"featured_media":213461,"comment_status":"open","ping_status":"closed","template":"","meta":{"_acf_changed":false},"product_brand":[14012],"product_cat":[13958,14006,13971],"product_tag":[],"class_list":{"0":"post-213460","1":"product","2":"type-product","3":"status-publish","4":"has-post-thumbnail","6":"product_brand-stamina","7":"product_cat-mr-botellas-y-termos","8":"product_cat-acc-merchandising","9":"product_cat-mr-tazas","10":"tm-no-options","12":"first","13":"instock","14":"taxable","15":"shipping-taxable","16":"product-type-variable"},"acf":[],"_links":{"self":[{"href":"https:\/\/grupotextil.es\/en\/wp-json\/wp\/v2\/product\/213460","targetHints":{"allow":["GET"]}}],"collection":[{"href":"https:\/\/grupotextil.es\/en\/wp-json\/wp\/v2\/product"}],"about":[{"href":"https:\/\/grupotextil.es\/en\/wp-json\/wp\/v2\/types\/product"}],"replies":[{"embeddable":true,"href":"https:\/\/grupotextil.es\/en\/wp-json\/wp\/v2\/comments?post=213460"}],"wp:featuredmedia":[{"embeddable":true,"href":"https:\/\/grupotextil.es\/en\/wp-json\/wp\/v2\/media\/213461"}],"wp:attachment":[{"href":"https:\/\/grupotextil.es\/en\/wp-json\/wp\/v2\/media?parent=213460"}],"wp:term":[{"taxonomy":"product_brand","embeddable":true,"href":"https:\/\/grupotextil.es\/en\/wp-json\/wp\/v2\/product_brand?post=213460"},{"taxonomy":"product_cat","embeddable":true,"href":"https:\/\/grupotextil.es\/en\/wp-json\/wp\/v2\/product_cat?post=213460"},{"taxonomy":"product_tag","embeddable":true,"href":"https:\/\/grupotextil.es\/en\/wp-json\/wp\/v2\/product_tag?post=213460"}],"curies":[{"name":"wp","href":"https:\/\/api.w.org\/{rel}","templated":true}]}}