{"id":213502,"date":"2026-03-04T02:53:37","date_gmt":"2026-03-04T01:53:37","guid":{"rendered":"https:\/\/grupotextil.es\/producto\/bidon-termico-stamina-heydud-1787\/"},"modified":"2026-03-04T06:15:05","modified_gmt":"2026-03-04T05:15:05","slug":"bidon-termico-stamina-heydud-1787","status":"publish","type":"product","link":"https:\/\/grupotextil.es\/en\/product\/bidon-termico-stamina-heydud-1787\/","title":{"rendered":"Bid\u00f3n T\u00e9rmico Stamina Heydud 1787"},"content":{"rendered":"<p>Bid\u00f3n t\u00e9rmico de acero inoxidable 304 reciclado de doble pared. Tapa con aro magn\u00e9tico para soporte de m\u00f3vil. Con pajita plegable y goma antideslizante en la base. Capacidad 750 ml.<\/p>","protected":false},"excerpt":{"rendered":"<p>Bid\u00f3n t\u00e9rmico de acero inoxidable 304 reciclado de doble pared. Tapa con aro magn\u00e9tico para soporte de m\u00f3vil. Con pajita plegable y goma antideslizante en la base. Capacidad 750 ml.<\/p>","protected":false},"featured_media":213503,"comment_status":"open","ping_status":"closed","template":"","meta":{"_acf_changed":false},"product_brand":[14012],"product_cat":[13958,14006,13971],"product_tag":[],"class_list":{"0":"post-213502","1":"product","2":"type-product","3":"status-publish","4":"has-post-thumbnail","6":"product_brand-stamina","7":"product_cat-mr-botellas-y-termos","8":"product_cat-acc-merchandising","9":"product_cat-mr-tazas","10":"tm-no-options","12":"first","13":"instock","14":"taxable","15":"shipping-taxable","16":"product-type-variable"},"acf":[],"_links":{"self":[{"href":"https:\/\/grupotextil.es\/en\/wp-json\/wp\/v2\/product\/213502","targetHints":{"allow":["GET"]}}],"collection":[{"href":"https:\/\/grupotextil.es\/en\/wp-json\/wp\/v2\/product"}],"about":[{"href":"https:\/\/grupotextil.es\/en\/wp-json\/wp\/v2\/types\/product"}],"replies":[{"embeddable":true,"href":"https:\/\/grupotextil.es\/en\/wp-json\/wp\/v2\/comments?post=213502"}],"wp:featuredmedia":[{"embeddable":true,"href":"https:\/\/grupotextil.es\/en\/wp-json\/wp\/v2\/media\/213503"}],"wp:attachment":[{"href":"https:\/\/grupotextil.es\/en\/wp-json\/wp\/v2\/media?parent=213502"}],"wp:term":[{"taxonomy":"product_brand","embeddable":true,"href":"https:\/\/grupotextil.es\/en\/wp-json\/wp\/v2\/product_brand?post=213502"},{"taxonomy":"product_cat","embeddable":true,"href":"https:\/\/grupotextil.es\/en\/wp-json\/wp\/v2\/product_cat?post=213502"},{"taxonomy":"product_tag","embeddable":true,"href":"https:\/\/grupotextil.es\/en\/wp-json\/wp\/v2\/product_tag?post=213502"}],"curies":[{"name":"wp","href":"https:\/\/api.w.org\/{rel}","templated":true}]}}