{"id":213524,"date":"2026-03-04T02:53:54","date_gmt":"2026-03-04T01:53:54","guid":{"rendered":"https:\/\/grupotextil.es\/producto\/boligrafo-pulsador-stamina-fike-1764\/"},"modified":"2026-03-04T06:15:05","modified_gmt":"2026-03-04T05:15:05","slug":"boligrafo-pulsador-stamina-fike-1764","status":"publish","type":"product","link":"https:\/\/grupotextil.es\/en\/product\/boligrafo-pulsador-stamina-fike-1764\/","title":{"rendered":"Bol\u00edgrafo Pulsador Stamina Fike 1764"},"content":{"rendered":"<p>Bol\u00edgrafo con cuerpo y pulsador de bamb\u00fa, clip met\u00e1lico y detalles cromados. Tinta azul.<\/p>","protected":false},"excerpt":{"rendered":"<p>Bol\u00edgrafo con cuerpo y pulsador de bamb\u00fa, clip met\u00e1lico y detalles cromados. Tinta azul.<\/p>","protected":false},"featured_media":213525,"comment_status":"open","ping_status":"closed","template":"","meta":{"_acf_changed":false},"product_brand":[14012],"product_cat":[14006,13972],"product_tag":[],"class_list":{"0":"post-213524","1":"product","2":"type-product","3":"status-publish","4":"has-post-thumbnail","6":"product_brand-stamina","7":"product_cat-acc-merchandising","8":"product_cat-oficina-y-escritura","9":"tm-no-options","11":"first","12":"instock","13":"taxable","14":"shipping-taxable","15":"product-type-variable"},"acf":[],"_links":{"self":[{"href":"https:\/\/grupotextil.es\/en\/wp-json\/wp\/v2\/product\/213524","targetHints":{"allow":["GET"]}}],"collection":[{"href":"https:\/\/grupotextil.es\/en\/wp-json\/wp\/v2\/product"}],"about":[{"href":"https:\/\/grupotextil.es\/en\/wp-json\/wp\/v2\/types\/product"}],"replies":[{"embeddable":true,"href":"https:\/\/grupotextil.es\/en\/wp-json\/wp\/v2\/comments?post=213524"}],"wp:featuredmedia":[{"embeddable":true,"href":"https:\/\/grupotextil.es\/en\/wp-json\/wp\/v2\/media\/213525"}],"wp:attachment":[{"href":"https:\/\/grupotextil.es\/en\/wp-json\/wp\/v2\/media?parent=213524"}],"wp:term":[{"taxonomy":"product_brand","embeddable":true,"href":"https:\/\/grupotextil.es\/en\/wp-json\/wp\/v2\/product_brand?post=213524"},{"taxonomy":"product_cat","embeddable":true,"href":"https:\/\/grupotextil.es\/en\/wp-json\/wp\/v2\/product_cat?post=213524"},{"taxonomy":"product_tag","embeddable":true,"href":"https:\/\/grupotextil.es\/en\/wp-json\/wp\/v2\/product_tag?post=213524"}],"curies":[{"name":"wp","href":"https:\/\/api.w.org\/{rel}","templated":true}]}}