{"id":213555,"date":"2026-03-04T02:54:28","date_gmt":"2026-03-04T01:54:28","guid":{"rendered":"https:\/\/grupotextil.es\/producto\/bolsa-de-playa-stamina-paty-1658\/"},"modified":"2026-03-04T06:15:06","modified_gmt":"2026-03-04T05:15:06","slug":"bolsa-de-playa-stamina-paty-1658","status":"publish","type":"product","link":"https:\/\/grupotextil.es\/en\/product\/bolsa-de-playa-stamina-paty-1658\/","title":{"rendered":"Bolsa De Playa Stamina Paty 1658"},"content":{"rendered":"<p>Amplia bolsa de playa realizada en algod\u00f3n reciclado con asas y detalles a color. Sus asas son de 65 cm y est\u00e1n reforzadas, fabricadas en algod\u00f3n. Es una opci\u00f3n amplia, resistente y sostenible para el transporte de tus productos para la playa.<\/p>","protected":false},"excerpt":{"rendered":"<p>Amplia bolsa de playa realizada en algod\u00f3n reciclado con asas y detalles a color. Sus asas son de 65 cm y est\u00e1n reforzadas, fabricadas en algod\u00f3n. Es una opci\u00f3n amplia, resistente y sostenible para el transporte de tus productos para la playa.<\/p>","protected":false},"featured_media":213556,"comment_status":"open","ping_status":"closed","template":"","meta":{"_acf_changed":false},"product_brand":[14012],"product_cat":[13954],"product_tag":[],"class_list":{"0":"post-213555","1":"product","2":"type-product","3":"status-publish","4":"has-post-thumbnail","6":"product_brand-stamina","7":"product_cat-acc-bolsas-y-mochilas","8":"tm-no-options","10":"first","11":"instock","12":"taxable","13":"shipping-taxable","14":"product-type-variable"},"acf":[],"_links":{"self":[{"href":"https:\/\/grupotextil.es\/en\/wp-json\/wp\/v2\/product\/213555","targetHints":{"allow":["GET"]}}],"collection":[{"href":"https:\/\/grupotextil.es\/en\/wp-json\/wp\/v2\/product"}],"about":[{"href":"https:\/\/grupotextil.es\/en\/wp-json\/wp\/v2\/types\/product"}],"replies":[{"embeddable":true,"href":"https:\/\/grupotextil.es\/en\/wp-json\/wp\/v2\/comments?post=213555"}],"wp:featuredmedia":[{"embeddable":true,"href":"https:\/\/grupotextil.es\/en\/wp-json\/wp\/v2\/media\/213556"}],"wp:attachment":[{"href":"https:\/\/grupotextil.es\/en\/wp-json\/wp\/v2\/media?parent=213555"}],"wp:term":[{"taxonomy":"product_brand","embeddable":true,"href":"https:\/\/grupotextil.es\/en\/wp-json\/wp\/v2\/product_brand?post=213555"},{"taxonomy":"product_cat","embeddable":true,"href":"https:\/\/grupotextil.es\/en\/wp-json\/wp\/v2\/product_cat?post=213555"},{"taxonomy":"product_tag","embeddable":true,"href":"https:\/\/grupotextil.es\/en\/wp-json\/wp\/v2\/product_tag?post=213555"}],"curies":[{"name":"wp","href":"https:\/\/api.w.org\/{rel}","templated":true}]}}