{"id":213585,"date":"2026-03-04T02:55:02","date_gmt":"2026-03-04T01:55:02","guid":{"rendered":"https:\/\/grupotextil.es\/producto\/boligrafo-giratorio-stamina-bravos-1678\/"},"modified":"2026-03-04T06:15:06","modified_gmt":"2026-03-04T05:15:06","slug":"boligrafo-giratorio-stamina-bravos-1678","status":"publish","type":"product","link":"https:\/\/grupotextil.es\/en\/product\/boligrafo-giratorio-stamina-bravos-1678\/","title":{"rendered":"Bol\u00edgrafo Giratorio Stamina Bravos 1678"},"content":{"rendered":"<p>Bol\u00edgrafo giratorio con cuerpo de aluminio reciclado y puntero t\u00e1ctil. Acabado en metal cromado y detalle en color. Carga jumbo met\u00e1lica de tinta azul.<\/p>","protected":false},"excerpt":{"rendered":"<p>Bol\u00edgrafo giratorio con cuerpo de aluminio reciclado y puntero t\u00e1ctil. Acabado en metal cromado y detalle en color. Carga jumbo met\u00e1lica de tinta azul.<\/p>","protected":false},"featured_media":213586,"comment_status":"open","ping_status":"closed","template":"","meta":{"_acf_changed":false},"product_brand":[14012],"product_cat":[14006,13972],"product_tag":[],"class_list":{"0":"post-213585","1":"product","2":"type-product","3":"status-publish","4":"has-post-thumbnail","6":"product_brand-stamina","7":"product_cat-acc-merchandising","8":"product_cat-oficina-y-escritura","9":"tm-no-options","11":"first","12":"instock","13":"taxable","14":"shipping-taxable","15":"product-type-variable"},"acf":[],"_links":{"self":[{"href":"https:\/\/grupotextil.es\/en\/wp-json\/wp\/v2\/product\/213585","targetHints":{"allow":["GET"]}}],"collection":[{"href":"https:\/\/grupotextil.es\/en\/wp-json\/wp\/v2\/product"}],"about":[{"href":"https:\/\/grupotextil.es\/en\/wp-json\/wp\/v2\/types\/product"}],"replies":[{"embeddable":true,"href":"https:\/\/grupotextil.es\/en\/wp-json\/wp\/v2\/comments?post=213585"}],"wp:featuredmedia":[{"embeddable":true,"href":"https:\/\/grupotextil.es\/en\/wp-json\/wp\/v2\/media\/213586"}],"wp:attachment":[{"href":"https:\/\/grupotextil.es\/en\/wp-json\/wp\/v2\/media?parent=213585"}],"wp:term":[{"taxonomy":"product_brand","embeddable":true,"href":"https:\/\/grupotextil.es\/en\/wp-json\/wp\/v2\/product_brand?post=213585"},{"taxonomy":"product_cat","embeddable":true,"href":"https:\/\/grupotextil.es\/en\/wp-json\/wp\/v2\/product_cat?post=213585"},{"taxonomy":"product_tag","embeddable":true,"href":"https:\/\/grupotextil.es\/en\/wp-json\/wp\/v2\/product_tag?post=213585"}],"curies":[{"name":"wp","href":"https:\/\/api.w.org\/{rel}","templated":true}]}}