{"id":213628,"date":"2026-03-04T02:55:24","date_gmt":"2026-03-04T01:55:24","guid":{"rendered":"https:\/\/grupotextil.es\/producto\/polo-tecnico-roly-tormo-woman-0401-mujer\/"},"modified":"2026-03-10T01:59:04","modified_gmt":"2026-03-10T00:59:04","slug":"polo-tecnico-roly-tormo-woman-0401-mujer","status":"publish","type":"product","link":"https:\/\/grupotextil.es\/en\/product\/polo-tecnico-roly-tormo-woman-0401-mujer\/","title":{"rendered":"Polo T\u00e9cnico Roly Tormo Woman 0401 Mujer"},"content":{"rendered":"<p>Polo t\u00e9cnico entallado de manga corta para mujer. Cuello de poliester rib 1\u00d71 con corchetes de plastico a tono con la tapeta. Cubrecosturas a tono. Manga con acabado rib 1\u00d71 al tono.<\/p>","protected":false},"excerpt":{"rendered":"<p>Polo t\u00e9cnico entallado de manga corta para mujer. Cuello de poliester rib 1\u00d71 con corchetes de plastico a tono con la tapeta. Cubrecosturas a tono. Manga con acabado rib 1\u00d71 al tono.<\/p>","protected":false},"featured_media":213629,"comment_status":"open","ping_status":"closed","template":"","meta":{"_acf_changed":false},"product_brand":[14011],"product_cat":[13939,13975,13988,13973],"product_tag":[],"class_list":{"0":"post-213628","1":"product","2":"type-product","3":"status-publish","4":"has-post-thumbnail","6":"product_brand-roly","7":"product_cat-deportivo","8":"product_cat-ropa-mujer","9":"product_cat-m-polos","10":"product_cat-ropa","11":"tm-no-options","13":"first","14":"instock","15":"taxable","16":"shipping-taxable","17":"product-type-variable"},"acf":[],"_links":{"self":[{"href":"https:\/\/grupotextil.es\/en\/wp-json\/wp\/v2\/product\/213628","targetHints":{"allow":["GET"]}}],"collection":[{"href":"https:\/\/grupotextil.es\/en\/wp-json\/wp\/v2\/product"}],"about":[{"href":"https:\/\/grupotextil.es\/en\/wp-json\/wp\/v2\/types\/product"}],"replies":[{"embeddable":true,"href":"https:\/\/grupotextil.es\/en\/wp-json\/wp\/v2\/comments?post=213628"}],"wp:featuredmedia":[{"embeddable":true,"href":"https:\/\/grupotextil.es\/en\/wp-json\/wp\/v2\/media\/213629"}],"wp:attachment":[{"href":"https:\/\/grupotextil.es\/en\/wp-json\/wp\/v2\/media?parent=213628"}],"wp:term":[{"taxonomy":"product_brand","embeddable":true,"href":"https:\/\/grupotextil.es\/en\/wp-json\/wp\/v2\/product_brand?post=213628"},{"taxonomy":"product_cat","embeddable":true,"href":"https:\/\/grupotextil.es\/en\/wp-json\/wp\/v2\/product_cat?post=213628"},{"taxonomy":"product_tag","embeddable":true,"href":"https:\/\/grupotextil.es\/en\/wp-json\/wp\/v2\/product_tag?post=213628"}],"curies":[{"name":"wp","href":"https:\/\/api.w.org\/{rel}","templated":true}]}}