{"id":213759,"date":"2026-03-04T02:56:42","date_gmt":"2026-03-04T01:56:42","guid":{"rendered":"https:\/\/grupotextil.es\/producto\/chaleco-stanley-stella-stella-trail-blazer-stjw236\/"},"modified":"2026-03-04T06:15:07","modified_gmt":"2026-03-04T05:15:07","slug":"chaleco-stanley-stella-stella-trail-blazer-stjw236","status":"publish","type":"product","link":"https:\/\/grupotextil.es\/en\/product\/chaleco-stanley-stella-stella-trail-blazer-stjw236\/","title":{"rendered":"Chaleco Stanley\/Stella Stella Trail Blazer STJW236"},"content":{"rendered":"<p>Cuello alto Dobladillo inferior con tope de pl\u00e1stico ajustable y cord\u00f3n el\u00e1stico Cremallera de nylon inversa en el centro del frente Bolsillos welt externos con cremallera con tirador el\u00e1stico reflectante Capa interior de forro polar completamente unida con acabado anti-pilling ab-nti Paneles laterales y estiramiento para mejor forma Costuras interiores acabadas con ribete reciclado Dobladillo inferior repelente al agua con tope de pl\u00e1stico ajustable y cord\u00f3n el\u00e1stico Repelente al agua Transpirable e impermeable<\/p>","protected":false},"excerpt":{"rendered":"<p>Cuello alto Dobladillo inferior con tope de pl\u00e1stico ajustable y cord\u00f3n el\u00e1stico Cremallera de nylon inversa en el centro del frente Bolsillos welt externos con cremallera con tirador el\u00e1stico reflectante Capa interior de forro polar completamente unida con acabado anti-pilling ab-nti Paneles laterales y estiramiento para mejor forma Costuras interiores acabadas con ribete reciclado Dobladillo inferior repelente al agua con tope de pl\u00e1stico ajustable y cord\u00f3n el\u00e1stico Repelente al agua Transpirable e impermeable<\/p>","protected":false},"featured_media":213760,"comment_status":"open","ping_status":"closed","template":"","meta":{"_acf_changed":false},"product_brand":[14178],"product_cat":[13982,13991,13974,13975,13973],"product_tag":[],"class_list":{"0":"post-213759","1":"product","2":"type-product","3":"status-publish","4":"has-post-thumbnail","6":"product_brand-stanley-stella","7":"product_cat-h-chalecos","8":"product_cat-m-chalecos","9":"product_cat-ropa-hombre","10":"product_cat-ropa-mujer","11":"product_cat-ropa","12":"tm-no-options","14":"first","15":"instock","16":"taxable","17":"shipping-taxable","18":"product-type-variable"},"acf":[],"_links":{"self":[{"href":"https:\/\/grupotextil.es\/en\/wp-json\/wp\/v2\/product\/213759","targetHints":{"allow":["GET"]}}],"collection":[{"href":"https:\/\/grupotextil.es\/en\/wp-json\/wp\/v2\/product"}],"about":[{"href":"https:\/\/grupotextil.es\/en\/wp-json\/wp\/v2\/types\/product"}],"replies":[{"embeddable":true,"href":"https:\/\/grupotextil.es\/en\/wp-json\/wp\/v2\/comments?post=213759"}],"wp:featuredmedia":[{"embeddable":true,"href":"https:\/\/grupotextil.es\/en\/wp-json\/wp\/v2\/media\/213760"}],"wp:attachment":[{"href":"https:\/\/grupotextil.es\/en\/wp-json\/wp\/v2\/media?parent=213759"}],"wp:term":[{"taxonomy":"product_brand","embeddable":true,"href":"https:\/\/grupotextil.es\/en\/wp-json\/wp\/v2\/product_brand?post=213759"},{"taxonomy":"product_cat","embeddable":true,"href":"https:\/\/grupotextil.es\/en\/wp-json\/wp\/v2\/product_cat?post=213759"},{"taxonomy":"product_tag","embeddable":true,"href":"https:\/\/grupotextil.es\/en\/wp-json\/wp\/v2\/product_tag?post=213759"}],"curies":[{"name":"wp","href":"https:\/\/api.w.org\/{rel}","templated":true}]}}