{"id":213825,"date":"2026-03-04T02:57:12","date_gmt":"2026-03-04T01:57:12","guid":{"rendered":"https:\/\/grupotextil.es\/producto\/chaleco-stanley-stella-stanley-trail-blazer-stjm235\/"},"modified":"2026-03-04T06:15:07","modified_gmt":"2026-03-04T05:15:07","slug":"chaleco-stanley-stella-stanley-trail-blazer-stjm235","status":"publish","type":"product","link":"https:\/\/grupotextil.es\/en\/product\/chaleco-stanley-stella-stanley-trail-blazer-stjm235\/","title":{"rendered":"Chaleco Stanley\/Stella Stanley Trail Blazer STJM235"},"content":{"rendered":"<p>Cuello alto Dobladillo inferior con tope ajustable de pl\u00e1stico y cord\u00f3n el\u00e1stico Cierre de nylon invertido en el frente central Bolsillos welt exteriores con cierre y tirador el\u00e1stico reflectante Capa interna de forro polar completamente unida con acabado antipeeling ab-nti Paneles laterales y el\u00e1stico para una mejor forma Costuras interiores terminadas con ribete reciclado Dobladillo inferior repelente al agua con tope ajustable de pl\u00e1stico y cord\u00f3n el\u00e1stico Repelente al agua Transpirable e impermeable<\/p>","protected":false},"excerpt":{"rendered":"<p>Cuello alto Dobladillo inferior con tope ajustable de pl\u00e1stico y cord\u00f3n el\u00e1stico Cierre de nylon invertido en el frente central Bolsillos welt exteriores con cierre y tirador el\u00e1stico reflectante Capa interna de forro polar completamente unida con acabado antipeeling ab-nti Paneles laterales y el\u00e1stico para una mejor forma Costuras interiores terminadas con ribete reciclado Dobladillo inferior repelente al agua con tope ajustable de pl\u00e1stico y cord\u00f3n el\u00e1stico Repelente al agua Transpirable e impermeable<\/p>","protected":false},"featured_media":213826,"comment_status":"open","ping_status":"closed","template":"","meta":{"_acf_changed":false},"product_brand":[14178],"product_cat":[13982,13991,13974,13975,13973],"product_tag":[],"class_list":{"0":"post-213825","1":"product","2":"type-product","3":"status-publish","4":"has-post-thumbnail","6":"product_brand-stanley-stella","7":"product_cat-h-chalecos","8":"product_cat-m-chalecos","9":"product_cat-ropa-hombre","10":"product_cat-ropa-mujer","11":"product_cat-ropa","12":"tm-no-options","14":"first","15":"instock","16":"taxable","17":"shipping-taxable","18":"product-type-variable"},"acf":[],"_links":{"self":[{"href":"https:\/\/grupotextil.es\/en\/wp-json\/wp\/v2\/product\/213825","targetHints":{"allow":["GET"]}}],"collection":[{"href":"https:\/\/grupotextil.es\/en\/wp-json\/wp\/v2\/product"}],"about":[{"href":"https:\/\/grupotextil.es\/en\/wp-json\/wp\/v2\/types\/product"}],"replies":[{"embeddable":true,"href":"https:\/\/grupotextil.es\/en\/wp-json\/wp\/v2\/comments?post=213825"}],"wp:featuredmedia":[{"embeddable":true,"href":"https:\/\/grupotextil.es\/en\/wp-json\/wp\/v2\/media\/213826"}],"wp:attachment":[{"href":"https:\/\/grupotextil.es\/en\/wp-json\/wp\/v2\/media?parent=213825"}],"wp:term":[{"taxonomy":"product_brand","embeddable":true,"href":"https:\/\/grupotextil.es\/en\/wp-json\/wp\/v2\/product_brand?post=213825"},{"taxonomy":"product_cat","embeddable":true,"href":"https:\/\/grupotextil.es\/en\/wp-json\/wp\/v2\/product_cat?post=213825"},{"taxonomy":"product_tag","embeddable":true,"href":"https:\/\/grupotextil.es\/en\/wp-json\/wp\/v2\/product_tag?post=213825"}],"curies":[{"name":"wp","href":"https:\/\/api.w.org\/{rel}","templated":true}]}}