{"id":214152,"date":"2026-03-04T03:00:38","date_gmt":"2026-03-04T02:00:38","guid":{"rendered":"https:\/\/grupotextil.es\/producto\/chaqueta-unisex-stanley-stella-brooker-stju248\/"},"modified":"2026-03-04T06:15:08","modified_gmt":"2026-03-04T05:15:08","slug":"chaqueta-unisex-stanley-stella-brooker-stju248","status":"publish","type":"product","link":"https:\/\/grupotextil.es\/en\/product\/chaqueta-unisex-stanley-stella-brooker-stju248\/","title":{"rendered":"Chaqueta Unisex Stanley\/Stella Brooker STJU248"},"content":{"rendered":"<p>Mangas montadas Ribete el\u00e1stico reciclado en pu\u00f1os y dobladillo Lazo de ribete reciclado en la parte interior del cuello y cinta en la nuca Cremallera Vislon de pl\u00e1stico con tirador met\u00e1lico y terminaci\u00f3n de cord\u00f3n Capa interior de polar completamente fusionada y acabado anti-pilling Bolsillos delanteros con ribete de tejido softshell contrastante y cierre de cremallera oculta Tejido softshell de contraste en el bolsillo, canes\u00fa trasero y banda del cuello exterior Cremallera invisible interior en el pecho izquierdo del portador para decoraci\u00f3n f\u00e1cil<\/p>","protected":false},"excerpt":{"rendered":"<p>Mangas montadas Ribete el\u00e1stico reciclado en pu\u00f1os y dobladillo Lazo de ribete reciclado en la parte interior del cuello y cinta en la nuca Cremallera Vislon de pl\u00e1stico con tirador met\u00e1lico y terminaci\u00f3n de cord\u00f3n Capa interior de polar completamente fusionada y acabado anti-pilling Bolsillos delanteros con ribete de tejido softshell contrastante y cierre de cremallera oculta Tejido softshell de contraste en el bolsillo, canes\u00fa trasero y banda del cuello exterior Cremallera invisible interior en el pecho izquierdo del portador para decoraci\u00f3n f\u00e1cil<\/p>","protected":false},"featured_media":214153,"comment_status":"open","ping_status":"closed","template":"","meta":{"_acf_changed":false},"product_brand":[14178],"product_cat":[13981,13990,13974,13975,13973],"product_tag":[],"class_list":{"0":"post-214152","1":"product","2":"type-product","3":"status-publish","4":"has-post-thumbnail","6":"product_brand-stanley-stella","7":"product_cat-h-chaquetas-y-abrigos","8":"product_cat-m-chaquetas-y-abrigos","9":"product_cat-ropa-hombre","10":"product_cat-ropa-mujer","11":"product_cat-ropa","12":"tm-no-options","14":"first","15":"instock","16":"taxable","17":"shipping-taxable","18":"product-type-variable"},"acf":[],"_links":{"self":[{"href":"https:\/\/grupotextil.es\/en\/wp-json\/wp\/v2\/product\/214152","targetHints":{"allow":["GET"]}}],"collection":[{"href":"https:\/\/grupotextil.es\/en\/wp-json\/wp\/v2\/product"}],"about":[{"href":"https:\/\/grupotextil.es\/en\/wp-json\/wp\/v2\/types\/product"}],"replies":[{"embeddable":true,"href":"https:\/\/grupotextil.es\/en\/wp-json\/wp\/v2\/comments?post=214152"}],"wp:featuredmedia":[{"embeddable":true,"href":"https:\/\/grupotextil.es\/en\/wp-json\/wp\/v2\/media\/214153"}],"wp:attachment":[{"href":"https:\/\/grupotextil.es\/en\/wp-json\/wp\/v2\/media?parent=214152"}],"wp:term":[{"taxonomy":"product_brand","embeddable":true,"href":"https:\/\/grupotextil.es\/en\/wp-json\/wp\/v2\/product_brand?post=214152"},{"taxonomy":"product_cat","embeddable":true,"href":"https:\/\/grupotextil.es\/en\/wp-json\/wp\/v2\/product_cat?post=214152"},{"taxonomy":"product_tag","embeddable":true,"href":"https:\/\/grupotextil.es\/en\/wp-json\/wp\/v2\/product_tag?post=214152"}],"curies":[{"name":"wp","href":"https:\/\/api.w.org\/{rel}","templated":true}]}}