{"id":214529,"date":"2026-03-04T03:03:45","date_gmt":"2026-03-04T02:03:45","guid":{"rendered":"https:\/\/grupotextil.es\/producto\/gorro-navideno-stamina-elfy-1502\/"},"modified":"2026-03-04T06:15:09","modified_gmt":"2026-03-04T05:15:09","slug":"gorro-navideno-stamina-elfy-1502","status":"publish","type":"product","link":"https:\/\/grupotextil.es\/en\/product\/gorro-navideno-stamina-elfy-1502\/","title":{"rendered":"Gorro Navide\u00f1o Stamina Elfy 1502"},"content":{"rendered":"<p>Gorro navide\u00f1o de Pap\u00e1 Noel dise\u00f1ado especialmente para ni\u00f1os, perfecto para a\u00f1adir alegr\u00eda festiva a cualquier celebraci\u00f3n.<\/p>","protected":false},"excerpt":{"rendered":"<p>Gorro navide\u00f1o de Pap\u00e1 Noel dise\u00f1ado especialmente para ni\u00f1os, perfecto para a\u00f1adir alegr\u00eda festiva a cualquier celebraci\u00f3n.<\/p>","protected":false},"featured_media":214530,"comment_status":"open","ping_status":"closed","template":"","meta":{"_acf_changed":false},"product_brand":[14012],"product_cat":[13973],"product_tag":[],"class_list":{"0":"post-214529","1":"product","2":"type-product","3":"status-publish","4":"has-post-thumbnail","6":"product_brand-stamina","7":"product_cat-ropa","8":"tm-no-options","10":"first","11":"outofstock","12":"taxable","13":"shipping-taxable","14":"product-type-variable"},"acf":[],"_links":{"self":[{"href":"https:\/\/grupotextil.es\/en\/wp-json\/wp\/v2\/product\/214529","targetHints":{"allow":["GET"]}}],"collection":[{"href":"https:\/\/grupotextil.es\/en\/wp-json\/wp\/v2\/product"}],"about":[{"href":"https:\/\/grupotextil.es\/en\/wp-json\/wp\/v2\/types\/product"}],"replies":[{"embeddable":true,"href":"https:\/\/grupotextil.es\/en\/wp-json\/wp\/v2\/comments?post=214529"}],"wp:featuredmedia":[{"embeddable":true,"href":"https:\/\/grupotextil.es\/en\/wp-json\/wp\/v2\/media\/214530"}],"wp:attachment":[{"href":"https:\/\/grupotextil.es\/en\/wp-json\/wp\/v2\/media?parent=214529"}],"wp:term":[{"taxonomy":"product_brand","embeddable":true,"href":"https:\/\/grupotextil.es\/en\/wp-json\/wp\/v2\/product_brand?post=214529"},{"taxonomy":"product_cat","embeddable":true,"href":"https:\/\/grupotextil.es\/en\/wp-json\/wp\/v2\/product_cat?post=214529"},{"taxonomy":"product_tag","embeddable":true,"href":"https:\/\/grupotextil.es\/en\/wp-json\/wp\/v2\/product_tag?post=214529"}],"curies":[{"name":"wp","href":"https:\/\/api.w.org\/{rel}","templated":true}]}}