{"id":214534,"date":"2026-03-04T03:03:50","date_gmt":"2026-03-04T02:03:50","guid":{"rendered":"https:\/\/grupotextil.es\/producto\/chaqueta-unisex-stanley-stella-trekker-stju242\/"},"modified":"2026-03-04T06:15:09","modified_gmt":"2026-03-04T05:15:09","slug":"chaqueta-unisex-stanley-stella-trekker-stju242","status":"publish","type":"product","link":"https:\/\/grupotextil.es\/en\/product\/chaqueta-unisex-stanley-stella-trekker-stju242\/","title":{"rendered":"Chaqueta Unisex Stanley\/Stella Trekker STJU242"},"content":{"rendered":"<p>Mangas montadas Ribete el\u00e1stico en los pu\u00f1os y dobladillo Lazo de ribete en el cuello interior y cinta en la nuca Cremallera de espiral de nylon con tirador met\u00e1lico y final de cord\u00f3n Tejido de forro polar cepillado con acabado anti-pilling en el interior y exterior Bolsillos welt laterales con cierre de cremallera oculto Tejido softshell de contraste en el canes\u00fa y el cuello exterior Cremallera invisible en el pecho izquierdo del usuario para decoraci\u00f3n f\u00e1cil<\/p>","protected":false},"excerpt":{"rendered":"<p>Mangas montadas Ribete el\u00e1stico en los pu\u00f1os y dobladillo Lazo de ribete en el cuello interior y cinta en la nuca Cremallera de espiral de nylon con tirador met\u00e1lico y final de cord\u00f3n Tejido de forro polar cepillado con acabado anti-pilling en el interior y exterior Bolsillos welt laterales con cierre de cremallera oculto Tejido softshell de contraste en el canes\u00fa y el cuello exterior Cremallera invisible en el pecho izquierdo del usuario para decoraci\u00f3n f\u00e1cil<\/p>","protected":false},"featured_media":214535,"comment_status":"open","ping_status":"closed","template":"","meta":{"_acf_changed":false},"product_brand":[14178],"product_cat":[13990,13981,13974,13975,13973],"product_tag":[],"class_list":{"0":"post-214534","1":"product","2":"type-product","3":"status-publish","4":"has-post-thumbnail","6":"product_brand-stanley-stella","7":"product_cat-m-chaquetas-y-abrigos","8":"product_cat-h-chaquetas-y-abrigos","9":"product_cat-ropa-hombre","10":"product_cat-ropa-mujer","11":"product_cat-ropa","12":"tm-no-options","14":"first","15":"instock","16":"taxable","17":"shipping-taxable","18":"product-type-variable"},"acf":[],"_links":{"self":[{"href":"https:\/\/grupotextil.es\/en\/wp-json\/wp\/v2\/product\/214534","targetHints":{"allow":["GET"]}}],"collection":[{"href":"https:\/\/grupotextil.es\/en\/wp-json\/wp\/v2\/product"}],"about":[{"href":"https:\/\/grupotextil.es\/en\/wp-json\/wp\/v2\/types\/product"}],"replies":[{"embeddable":true,"href":"https:\/\/grupotextil.es\/en\/wp-json\/wp\/v2\/comments?post=214534"}],"wp:featuredmedia":[{"embeddable":true,"href":"https:\/\/grupotextil.es\/en\/wp-json\/wp\/v2\/media\/214535"}],"wp:attachment":[{"href":"https:\/\/grupotextil.es\/en\/wp-json\/wp\/v2\/media?parent=214534"}],"wp:term":[{"taxonomy":"product_brand","embeddable":true,"href":"https:\/\/grupotextil.es\/en\/wp-json\/wp\/v2\/product_brand?post=214534"},{"taxonomy":"product_cat","embeddable":true,"href":"https:\/\/grupotextil.es\/en\/wp-json\/wp\/v2\/product_cat?post=214534"},{"taxonomy":"product_tag","embeddable":true,"href":"https:\/\/grupotextil.es\/en\/wp-json\/wp\/v2\/product_tag?post=214534"}],"curies":[{"name":"wp","href":"https:\/\/api.w.org\/{rel}","templated":true}]}}