{"id":214759,"date":"2026-03-04T03:05:55","date_gmt":"2026-03-04T02:05:55","guid":{"rendered":"https:\/\/grupotextil.es\/producto\/rinonera-reflectante-stamina-nurmi-1691\/"},"modified":"2026-03-04T06:15:09","modified_gmt":"2026-03-04T05:15:09","slug":"rinonera-reflectante-stamina-nurmi-1691","status":"publish","type":"product","link":"https:\/\/grupotextil.es\/en\/product\/rinonera-reflectante-stamina-nurmi-1691\/","title":{"rendered":"Ri\u00f1onera Reflectante Stamina Nurmi 1691"},"content":{"rendered":"<p>Ri\u00f1onera reflectante elaborada en poli\u00e9ster, con un amplio bolsillo frontal. Cuenta con un sistema de hebilla para hacer m\u00e1s c\u00f3modo su uso, adem\u00e1s de una cinta ajustable y cierre de cremallera del compartimento principal.<\/p>","protected":false},"excerpt":{"rendered":"<p>Ri\u00f1onera reflectante elaborada en poli\u00e9ster, con un amplio bolsillo frontal. Cuenta con un sistema de hebilla para hacer m\u00e1s c\u00f3modo su uso, adem\u00e1s de una cinta ajustable y cierre de cremallera del compartimento principal.<\/p>","protected":false},"featured_media":214760,"comment_status":"open","ping_status":"closed","template":"","meta":{"_acf_changed":false},"product_brand":[14012],"product_cat":[13954],"product_tag":[],"class_list":{"0":"post-214759","1":"product","2":"type-product","3":"status-publish","4":"has-post-thumbnail","6":"product_brand-stamina","7":"product_cat-acc-bolsas-y-mochilas","8":"tm-no-options","10":"first","11":"instock","12":"taxable","13":"shipping-taxable","14":"product-type-variable"},"acf":[],"_links":{"self":[{"href":"https:\/\/grupotextil.es\/en\/wp-json\/wp\/v2\/product\/214759","targetHints":{"allow":["GET"]}}],"collection":[{"href":"https:\/\/grupotextil.es\/en\/wp-json\/wp\/v2\/product"}],"about":[{"href":"https:\/\/grupotextil.es\/en\/wp-json\/wp\/v2\/types\/product"}],"replies":[{"embeddable":true,"href":"https:\/\/grupotextil.es\/en\/wp-json\/wp\/v2\/comments?post=214759"}],"wp:featuredmedia":[{"embeddable":true,"href":"https:\/\/grupotextil.es\/en\/wp-json\/wp\/v2\/media\/214760"}],"wp:attachment":[{"href":"https:\/\/grupotextil.es\/en\/wp-json\/wp\/v2\/media?parent=214759"}],"wp:term":[{"taxonomy":"product_brand","embeddable":true,"href":"https:\/\/grupotextil.es\/en\/wp-json\/wp\/v2\/product_brand?post=214759"},{"taxonomy":"product_cat","embeddable":true,"href":"https:\/\/grupotextil.es\/en\/wp-json\/wp\/v2\/product_cat?post=214759"},{"taxonomy":"product_tag","embeddable":true,"href":"https:\/\/grupotextil.es\/en\/wp-json\/wp\/v2\/product_tag?post=214759"}],"curies":[{"name":"wp","href":"https:\/\/api.w.org\/{rel}","templated":true}]}}