{"id":214764,"date":"2026-03-04T03:06:01","date_gmt":"2026-03-04T02:06:01","guid":{"rendered":"https:\/\/grupotextil.es\/producto\/chaqueta-unisex-stanley-stella-bomber-2-0-stju251\/"},"modified":"2026-03-10T01:58:21","modified_gmt":"2026-03-10T00:58:21","slug":"chaqueta-unisex-stanley-stella-bomber-2-0-stju251","status":"publish","type":"product","link":"https:\/\/grupotextil.es\/en\/product\/chaqueta-unisex-stanley-stella-bomber-2-0-stju251\/","title":{"rendered":"Chaqueta Unisex Stanley\/Stella Bomber 2.0 STJU251"},"content":{"rendered":"<p>Cremallera de metal plateada en el centro frontal Costilla 1\u00d71 en el dobladillo de la manga, dobladillo inferior y cuello Bolsillo con cremallera en la manga con ranuras para cuatro bol\u00edgrafos Bolsillo welt en el frente con cierre de presi\u00f3n Interior completamente acolchado Bolsillo welt en el pecho interior con cierre de presi\u00f3n Apertura de cremallera interior en el dobladillo inferior y en el pecho izquierdo y derecho del usuario para decoraci\u00f3n f\u00e1cil<\/p>","protected":false},"excerpt":{"rendered":"<p>Cremallera de metal plateada en el centro frontal Costilla 1\u00d71 en el dobladillo de la manga, dobladillo inferior y cuello Bolsillo con cremallera en la manga con ranuras para cuatro bol\u00edgrafos Bolsillo welt en el frente con cierre de presi\u00f3n Interior completamente acolchado Bolsillo welt en el pecho interior con cierre de presi\u00f3n Apertura de cremallera interior en el dobladillo inferior y en el pecho izquierdo y derecho del usuario para decoraci\u00f3n f\u00e1cil<\/p>","protected":false},"featured_media":214765,"comment_status":"open","ping_status":"closed","template":"","meta":{"_acf_changed":false},"product_brand":[14178],"product_cat":[13981,13974,13973],"product_tag":[],"class_list":{"0":"post-214764","1":"product","2":"type-product","3":"status-publish","4":"has-post-thumbnail","6":"product_brand-stanley-stella","7":"product_cat-h-chaquetas-y-abrigos","8":"product_cat-ropa-hombre","9":"product_cat-ropa","10":"tm-no-options","12":"first","13":"instock","14":"taxable","15":"shipping-taxable","16":"product-type-variable"},"acf":[],"_links":{"self":[{"href":"https:\/\/grupotextil.es\/en\/wp-json\/wp\/v2\/product\/214764","targetHints":{"allow":["GET"]}}],"collection":[{"href":"https:\/\/grupotextil.es\/en\/wp-json\/wp\/v2\/product"}],"about":[{"href":"https:\/\/grupotextil.es\/en\/wp-json\/wp\/v2\/types\/product"}],"replies":[{"embeddable":true,"href":"https:\/\/grupotextil.es\/en\/wp-json\/wp\/v2\/comments?post=214764"}],"wp:featuredmedia":[{"embeddable":true,"href":"https:\/\/grupotextil.es\/en\/wp-json\/wp\/v2\/media\/214765"}],"wp:attachment":[{"href":"https:\/\/grupotextil.es\/en\/wp-json\/wp\/v2\/media?parent=214764"}],"wp:term":[{"taxonomy":"product_brand","embeddable":true,"href":"https:\/\/grupotextil.es\/en\/wp-json\/wp\/v2\/product_brand?post=214764"},{"taxonomy":"product_cat","embeddable":true,"href":"https:\/\/grupotextil.es\/en\/wp-json\/wp\/v2\/product_cat?post=214764"},{"taxonomy":"product_tag","embeddable":true,"href":"https:\/\/grupotextil.es\/en\/wp-json\/wp\/v2\/product_tag?post=214764"}],"curies":[{"name":"wp","href":"https:\/\/api.w.org\/{rel}","templated":true}]}}