{"id":214909,"date":"2026-03-04T03:07:46","date_gmt":"2026-03-04T02:07:46","guid":{"rendered":"https:\/\/grupotextil.es\/producto\/camiseta-unisex-stanley-stella-freestyler-long-sleeve-sttu200\/"},"modified":"2026-03-10T01:59:00","modified_gmt":"2026-03-10T00:59:00","slug":"camiseta-unisex-stanley-stella-freestyler-long-sleeve-sttu200","status":"publish","type":"product","link":"https:\/\/grupotextil.es\/en\/product\/camiseta-unisex-stanley-stella-freestyler-long-sleeve-sttu200\/","title":{"rendered":"Camiseta Unisex Stanley\/Stella Freestyler Long Sleeve STTU200"},"content":{"rendered":"<p>Manga montada Costilla 1\u00d71 en el cuello Doble costura en los pu\u00f1os de la manga y dobladillo inferior Cinta interna en el cuello de la misma tela Caracter\u00edstica de tela ligeramente m\u00e1s \u00e1spera<\/p>","protected":false},"excerpt":{"rendered":"<p>Manga montada Costilla 1\u00d71 en el cuello Doble costura en los pu\u00f1os de la manga y dobladillo inferior Cinta interna en el cuello de la misma tela Caracter\u00edstica de tela ligeramente m\u00e1s \u00e1spera<\/p>","protected":false},"featured_media":214910,"comment_status":"open","ping_status":"closed","template":"","meta":{"_acf_changed":false},"product_brand":[14178],"product_cat":[13931,13987,13930,13975,13973],"product_tag":[],"class_list":{"0":"post-214909","1":"product","2":"type-product","3":"status-publish","4":"has-post-thumbnail","6":"product_brand-stanley-stella","7":"product_cat-rl-alta-visibilidad","8":"product_cat-m-camisetas-manga-larga","9":"product_cat-laboral","10":"product_cat-ropa-mujer","11":"product_cat-ropa","12":"tm-no-options","14":"first","15":"instock","16":"taxable","17":"shipping-taxable","18":"product-type-variable"},"acf":[],"_links":{"self":[{"href":"https:\/\/grupotextil.es\/en\/wp-json\/wp\/v2\/product\/214909","targetHints":{"allow":["GET"]}}],"collection":[{"href":"https:\/\/grupotextil.es\/en\/wp-json\/wp\/v2\/product"}],"about":[{"href":"https:\/\/grupotextil.es\/en\/wp-json\/wp\/v2\/types\/product"}],"replies":[{"embeddable":true,"href":"https:\/\/grupotextil.es\/en\/wp-json\/wp\/v2\/comments?post=214909"}],"wp:featuredmedia":[{"embeddable":true,"href":"https:\/\/grupotextil.es\/en\/wp-json\/wp\/v2\/media\/214910"}],"wp:attachment":[{"href":"https:\/\/grupotextil.es\/en\/wp-json\/wp\/v2\/media?parent=214909"}],"wp:term":[{"taxonomy":"product_brand","embeddable":true,"href":"https:\/\/grupotextil.es\/en\/wp-json\/wp\/v2\/product_brand?post=214909"},{"taxonomy":"product_cat","embeddable":true,"href":"https:\/\/grupotextil.es\/en\/wp-json\/wp\/v2\/product_cat?post=214909"},{"taxonomy":"product_tag","embeddable":true,"href":"https:\/\/grupotextil.es\/en\/wp-json\/wp\/v2\/product_tag?post=214909"}],"curies":[{"name":"wp","href":"https:\/\/api.w.org\/{rel}","templated":true}]}}