{"id":215242,"date":"2026-03-04T03:11:46","date_gmt":"2026-03-04T02:11:46","guid":{"rendered":"https:\/\/grupotextil.es\/producto\/chaqueta-mujer-stanley-stella-stella-guider-stjw239\/"},"modified":"2026-03-04T06:15:11","modified_gmt":"2026-03-04T05:15:11","slug":"chaqueta-mujer-stanley-stella-stella-guider-stjw239","status":"publish","type":"product","link":"https:\/\/grupotextil.es\/en\/product\/chaqueta-mujer-stanley-stella-stella-guider-stjw239\/","title":{"rendered":"Chaqueta Mujer Stanley\/Stella Stella Guider STJW239"},"content":{"rendered":"<p>Mangas montadas Ribete el\u00e1stico en el borde del cuello, pu\u00f1os y dobladillo Lazo de grosgrain en la parte interior del cuello Cremallera de espiral de nylon con tirador met\u00e1lico y final de cord\u00f3n Tejido cepillado con acabado antipeeling en el interior y exterior Bolsillos welt laterales con apertura de cremallera Cinta en el cuello posterior de poli\u00e9ster reciclado<\/p>","protected":false},"excerpt":{"rendered":"<p>Mangas montadas Ribete el\u00e1stico en el borde del cuello, pu\u00f1os y dobladillo Lazo de grosgrain en la parte interior del cuello Cremallera de espiral de nylon con tirador met\u00e1lico y final de cord\u00f3n Tejido cepillado con acabado antipeeling en el interior y exterior Bolsillos welt laterales con apertura de cremallera Cinta en el cuello posterior de poli\u00e9ster reciclado<\/p>","protected":false},"featured_media":215243,"comment_status":"open","ping_status":"closed","template":"","meta":{"_acf_changed":false},"product_brand":[14178],"product_cat":[13990,13975,13973],"product_tag":[],"class_list":{"0":"post-215242","1":"product","2":"type-product","3":"status-publish","4":"has-post-thumbnail","6":"product_brand-stanley-stella","7":"product_cat-m-chaquetas-y-abrigos","8":"product_cat-ropa-mujer","9":"product_cat-ropa","10":"tm-no-options","12":"first","13":"instock","14":"taxable","15":"shipping-taxable","16":"product-type-variable"},"acf":[],"_links":{"self":[{"href":"https:\/\/grupotextil.es\/en\/wp-json\/wp\/v2\/product\/215242","targetHints":{"allow":["GET"]}}],"collection":[{"href":"https:\/\/grupotextil.es\/en\/wp-json\/wp\/v2\/product"}],"about":[{"href":"https:\/\/grupotextil.es\/en\/wp-json\/wp\/v2\/types\/product"}],"replies":[{"embeddable":true,"href":"https:\/\/grupotextil.es\/en\/wp-json\/wp\/v2\/comments?post=215242"}],"wp:featuredmedia":[{"embeddable":true,"href":"https:\/\/grupotextil.es\/en\/wp-json\/wp\/v2\/media\/215243"}],"wp:attachment":[{"href":"https:\/\/grupotextil.es\/en\/wp-json\/wp\/v2\/media?parent=215242"}],"wp:term":[{"taxonomy":"product_brand","embeddable":true,"href":"https:\/\/grupotextil.es\/en\/wp-json\/wp\/v2\/product_brand?post=215242"},{"taxonomy":"product_cat","embeddable":true,"href":"https:\/\/grupotextil.es\/en\/wp-json\/wp\/v2\/product_cat?post=215242"},{"taxonomy":"product_tag","embeddable":true,"href":"https:\/\/grupotextil.es\/en\/wp-json\/wp\/v2\/product_tag?post=215242"}],"curies":[{"name":"wp","href":"https:\/\/api.w.org\/{rel}","templated":true}]}}