{"id":215350,"date":"2026-03-04T03:13:03","date_gmt":"2026-03-04T02:13:03","guid":{"rendered":"https:\/\/grupotextil.es\/producto\/sudadera-mujer-stanley-stella-stella-nora-stsw213\/"},"modified":"2026-03-10T01:58:58","modified_gmt":"2026-03-10T00:58:58","slug":"sudadera-mujer-stanley-stella-stella-nora-stsw213","status":"publish","type":"product","link":"https:\/\/grupotextil.es\/en\/product\/sudadera-mujer-stanley-stella-stella-nora-stsw213\/","title":{"rendered":"Sudadera Mujer Stanley\/Stella Stella Nora STSW213"},"content":{"rendered":"<p>Mangas montadas Hombros ca\u00eddos Capucha de doble capa en la misma tela Cord\u00f3n plano del mismo color de la prenda Ojal bordado Costillas 1X1 en el cuello, pu\u00f1os de las mangas y dobladillo inferior Doble costura en todas las costuras Cinta de grosgrain en la parte interior del cuello Media luna de la misma tela en la nuca<\/p>","protected":false},"excerpt":{"rendered":"<p>Mangas montadas Hombros ca\u00eddos Capucha de doble capa en la misma tela Cord\u00f3n plano del mismo color de la prenda Ojal bordado Costillas 1X1 en el cuello, pu\u00f1os de las mangas y dobladillo inferior Doble costura en todas las costuras Cinta de grosgrain en la parte interior del cuello Media luna de la misma tela en la nuca<\/p>","protected":false},"featured_media":215351,"comment_status":"open","ping_status":"closed","template":"","meta":{"_acf_changed":false},"product_brand":[14178],"product_cat":[13975,13973,13989],"product_tag":[],"class_list":{"0":"post-215350","1":"product","2":"type-product","3":"status-publish","4":"has-post-thumbnail","6":"product_brand-stanley-stella","7":"product_cat-ropa-mujer","8":"product_cat-ropa","9":"product_cat-m-sudaderas","10":"tm-no-options","12":"first","13":"instock","14":"taxable","15":"shipping-taxable","16":"product-type-variable"},"acf":[],"_links":{"self":[{"href":"https:\/\/grupotextil.es\/en\/wp-json\/wp\/v2\/product\/215350","targetHints":{"allow":["GET"]}}],"collection":[{"href":"https:\/\/grupotextil.es\/en\/wp-json\/wp\/v2\/product"}],"about":[{"href":"https:\/\/grupotextil.es\/en\/wp-json\/wp\/v2\/types\/product"}],"replies":[{"embeddable":true,"href":"https:\/\/grupotextil.es\/en\/wp-json\/wp\/v2\/comments?post=215350"}],"wp:featuredmedia":[{"embeddable":true,"href":"https:\/\/grupotextil.es\/en\/wp-json\/wp\/v2\/media\/215351"}],"wp:attachment":[{"href":"https:\/\/grupotextil.es\/en\/wp-json\/wp\/v2\/media?parent=215350"}],"wp:term":[{"taxonomy":"product_brand","embeddable":true,"href":"https:\/\/grupotextil.es\/en\/wp-json\/wp\/v2\/product_brand?post=215350"},{"taxonomy":"product_cat","embeddable":true,"href":"https:\/\/grupotextil.es\/en\/wp-json\/wp\/v2\/product_cat?post=215350"},{"taxonomy":"product_tag","embeddable":true,"href":"https:\/\/grupotextil.es\/en\/wp-json\/wp\/v2\/product_tag?post=215350"}],"curies":[{"name":"wp","href":"https:\/\/api.w.org\/{rel}","templated":true}]}}