{"id":215552,"date":"2026-03-04T03:14:23","date_gmt":"2026-03-04T02:14:23","guid":{"rendered":"https:\/\/grupotextil.es\/producto\/reloj-inteligente-stamina-patek-1295\/"},"modified":"2026-03-04T06:15:11","modified_gmt":"2026-03-04T05:15:11","slug":"reloj-inteligente-stamina-patek-1295","status":"publish","type":"product","link":"https:\/\/grupotextil.es\/en\/product\/reloj-inteligente-stamina-patek-1295\/","title":{"rendered":"Reloj Inteligente Stamina Patek 1295"},"content":{"rendered":"<p>Reloj inteligente con funciones de actividad. Esfera con acabado metalizado y correa de silicona con pantalla t\u00e1ctil amolet de 1,43\u2033. Resistente al polvo y al agua IP68. Cuenta con m\u00e1s de 100 modos de deporte, monitorizaci\u00f3n de frecuencia card\u00edaca, control de llamadas, conexi\u00f3n con con asistentes de voz y funci\u00f3n encontrar el smartphone. Conexi\u00f3n con APP para IOS y Android. Cable USB de carga incluido.<\/p>","protected":false},"excerpt":{"rendered":"<p>Reloj inteligente con funciones de actividad. Esfera con acabado metalizado y correa de silicona con pantalla t\u00e1ctil amolet de 1,43\u2033. Resistente al polvo y al agua IP68. Cuenta con m\u00e1s de 100 modos de deporte, monitorizaci\u00f3n de frecuencia card\u00edaca, control de llamadas, conexi\u00f3n con con asistentes de voz y funci\u00f3n encontrar el smartphone. Conexi\u00f3n con APP para IOS y Android. Cable USB de carga incluido.<\/p>","protected":false},"featured_media":215553,"comment_status":"open","ping_status":"closed","template":"","meta":{"_acf_changed":false},"product_brand":[14012],"product_cat":[14006,13959],"product_tag":[],"class_list":{"0":"post-215552","1":"product","2":"type-product","3":"status-publish","4":"has-post-thumbnail","6":"product_brand-stamina","7":"product_cat-acc-merchandising","8":"product_cat-mr-tecnologia","9":"tm-no-options","11":"first","12":"instock","13":"taxable","14":"shipping-taxable","15":"product-type-variable"},"acf":[],"_links":{"self":[{"href":"https:\/\/grupotextil.es\/en\/wp-json\/wp\/v2\/product\/215552","targetHints":{"allow":["GET"]}}],"collection":[{"href":"https:\/\/grupotextil.es\/en\/wp-json\/wp\/v2\/product"}],"about":[{"href":"https:\/\/grupotextil.es\/en\/wp-json\/wp\/v2\/types\/product"}],"replies":[{"embeddable":true,"href":"https:\/\/grupotextil.es\/en\/wp-json\/wp\/v2\/comments?post=215552"}],"wp:featuredmedia":[{"embeddable":true,"href":"https:\/\/grupotextil.es\/en\/wp-json\/wp\/v2\/media\/215553"}],"wp:attachment":[{"href":"https:\/\/grupotextil.es\/en\/wp-json\/wp\/v2\/media?parent=215552"}],"wp:term":[{"taxonomy":"product_brand","embeddable":true,"href":"https:\/\/grupotextil.es\/en\/wp-json\/wp\/v2\/product_brand?post=215552"},{"taxonomy":"product_cat","embeddable":true,"href":"https:\/\/grupotextil.es\/en\/wp-json\/wp\/v2\/product_cat?post=215552"},{"taxonomy":"product_tag","embeddable":true,"href":"https:\/\/grupotextil.es\/en\/wp-json\/wp\/v2\/product_tag?post=215552"}],"curies":[{"name":"wp","href":"https:\/\/api.w.org\/{rel}","templated":true}]}}