{"id":215574,"date":"2026-03-04T03:14:49","date_gmt":"2026-03-04T02:14:49","guid":{"rendered":"https:\/\/grupotextil.es\/producto\/bolsa-termica-nevera-stamina-tovar-1032\/"},"modified":"2026-03-04T06:15:12","modified_gmt":"2026-03-04T05:15:12","slug":"bolsa-termica-nevera-stamina-tovar-1032","status":"publish","type":"product","link":"https:\/\/grupotextil.es\/en\/product\/bolsa-termica-nevera-stamina-tovar-1032\/","title":{"rendered":"Bolsa T\u00e9rmica Nevera Stamina Tovar 1032"},"content":{"rendered":"<p>Nevera de algod\u00f3n con bolsillo frontal. Bolsillo principal con interior isot\u00e9rmico. Incluye cinta de transporte.<\/p>","protected":false},"excerpt":{"rendered":"<p>Nevera de algod\u00f3n con bolsillo frontal. Bolsillo principal con interior isot\u00e9rmico. Incluye cinta de transporte.<\/p>","protected":false},"featured_media":215575,"comment_status":"open","ping_status":"closed","template":"","meta":{"_acf_changed":false},"product_brand":[14012],"product_cat":[13961,13954,14006],"product_tag":[],"class_list":{"0":"post-215574","1":"product","2":"type-product","3":"status-publish","4":"has-post-thumbnail","6":"product_brand-stamina","7":"product_cat-mr-articulos-de-playa","8":"product_cat-acc-bolsas-y-mochilas","9":"product_cat-acc-merchandising","10":"tm-no-options","12":"first","13":"instock","14":"taxable","15":"shipping-taxable","16":"product-type-variable"},"acf":[],"_links":{"self":[{"href":"https:\/\/grupotextil.es\/en\/wp-json\/wp\/v2\/product\/215574","targetHints":{"allow":["GET"]}}],"collection":[{"href":"https:\/\/grupotextil.es\/en\/wp-json\/wp\/v2\/product"}],"about":[{"href":"https:\/\/grupotextil.es\/en\/wp-json\/wp\/v2\/types\/product"}],"replies":[{"embeddable":true,"href":"https:\/\/grupotextil.es\/en\/wp-json\/wp\/v2\/comments?post=215574"}],"wp:featuredmedia":[{"embeddable":true,"href":"https:\/\/grupotextil.es\/en\/wp-json\/wp\/v2\/media\/215575"}],"wp:attachment":[{"href":"https:\/\/grupotextil.es\/en\/wp-json\/wp\/v2\/media?parent=215574"}],"wp:term":[{"taxonomy":"product_brand","embeddable":true,"href":"https:\/\/grupotextil.es\/en\/wp-json\/wp\/v2\/product_brand?post=215574"},{"taxonomy":"product_cat","embeddable":true,"href":"https:\/\/grupotextil.es\/en\/wp-json\/wp\/v2\/product_cat?post=215574"},{"taxonomy":"product_tag","embeddable":true,"href":"https:\/\/grupotextil.es\/en\/wp-json\/wp\/v2\/product_tag?post=215574"}],"curies":[{"name":"wp","href":"https:\/\/api.w.org\/{rel}","templated":true}]}}