{"id":215623,"date":"2026-03-04T03:15:44","date_gmt":"2026-03-04T02:15:44","guid":{"rendered":"https:\/\/grupotextil.es\/producto\/set-de-boligrafo-y-llavero-stamina-boligrafo-fez-1335\/"},"modified":"2026-03-04T06:15:12","modified_gmt":"2026-03-04T05:15:12","slug":"set-de-boligrafo-y-llavero-stamina-boligrafo-fez-1335","status":"publish","type":"product","link":"https:\/\/grupotextil.es\/en\/product\/set-de-boligrafo-y-llavero-stamina-boligrafo-fez-1335\/","title":{"rendered":"Set de Bol\u00edgrafo y Llavero Stamina Bol\u00edgrafo Fez 1335"},"content":{"rendered":"<p>Set de bol\u00edgrafo y llavero de cuero reciclado con detalles met\u00e1licos. Tinta azul. Presentaci\u00f3n en estuche eco.<\/p>","protected":false},"excerpt":{"rendered":"<p>Set de bol\u00edgrafo y llavero de cuero reciclado con detalles met\u00e1licos. Tinta azul. Presentaci\u00f3n en estuche eco.<\/p>","protected":false},"featured_media":215624,"comment_status":"open","ping_status":"closed","template":"","meta":{"_acf_changed":false},"product_brand":[14012],"product_cat":[14006,13972],"product_tag":[],"class_list":{"0":"post-215623","1":"product","2":"type-product","3":"status-publish","4":"has-post-thumbnail","6":"product_brand-stamina","7":"product_cat-acc-merchandising","8":"product_cat-oficina-y-escritura","9":"tm-no-options","11":"first","12":"instock","13":"taxable","14":"shipping-taxable","15":"product-type-variable"},"acf":[],"_links":{"self":[{"href":"https:\/\/grupotextil.es\/en\/wp-json\/wp\/v2\/product\/215623","targetHints":{"allow":["GET"]}}],"collection":[{"href":"https:\/\/grupotextil.es\/en\/wp-json\/wp\/v2\/product"}],"about":[{"href":"https:\/\/grupotextil.es\/en\/wp-json\/wp\/v2\/types\/product"}],"replies":[{"embeddable":true,"href":"https:\/\/grupotextil.es\/en\/wp-json\/wp\/v2\/comments?post=215623"}],"wp:featuredmedia":[{"embeddable":true,"href":"https:\/\/grupotextil.es\/en\/wp-json\/wp\/v2\/media\/215624"}],"wp:attachment":[{"href":"https:\/\/grupotextil.es\/en\/wp-json\/wp\/v2\/media?parent=215623"}],"wp:term":[{"taxonomy":"product_brand","embeddable":true,"href":"https:\/\/grupotextil.es\/en\/wp-json\/wp\/v2\/product_brand?post=215623"},{"taxonomy":"product_cat","embeddable":true,"href":"https:\/\/grupotextil.es\/en\/wp-json\/wp\/v2\/product_cat?post=215623"},{"taxonomy":"product_tag","embeddable":true,"href":"https:\/\/grupotextil.es\/en\/wp-json\/wp\/v2\/product_tag?post=215623"}],"curies":[{"name":"wp","href":"https:\/\/api.w.org\/{rel}","templated":true}]}}