{"id":215657,"date":"2026-03-04T03:16:24","date_gmt":"2026-03-04T02:16:24","guid":{"rendered":"https:\/\/grupotextil.es\/producto\/juego-matematicas-nino-stamina-vernon-1252\/"},"modified":"2026-03-04T06:15:13","modified_gmt":"2026-03-04T05:15:13","slug":"juego-matematicas-nino-stamina-vernon-1252","status":"publish","type":"product","link":"https:\/\/grupotextil.es\/en\/product\/juego-matematicas-nino-stamina-vernon-1252\/","title":{"rendered":"Juego Matem\u00e1ticas Ni\u00f1o Stamina Vernon 1252"},"content":{"rendered":"<p>Juego de matem\u00e1ticas para ni\u00f1os realizado en madera. Un set de 32 piezas combinables con el que se divertir\u00e1 toda la familia.<\/p>","protected":false},"excerpt":{"rendered":"<p>Juego de matem\u00e1ticas para ni\u00f1os realizado en madera. Un set de 32 piezas combinables con el que se divertir\u00e1 toda la familia.<\/p>","protected":false},"featured_media":215658,"comment_status":"open","ping_status":"closed","template":"","meta":{"_acf_changed":false},"product_brand":[14012],"product_cat":[13976],"product_tag":[],"class_list":{"0":"post-215657","1":"product","2":"type-product","3":"status-publish","4":"has-post-thumbnail","6":"product_brand-stamina","7":"product_cat-ropa-nino","8":"tm-no-options","10":"first","11":"instock","12":"taxable","13":"shipping-taxable","14":"product-type-variable"},"acf":[],"_links":{"self":[{"href":"https:\/\/grupotextil.es\/en\/wp-json\/wp\/v2\/product\/215657","targetHints":{"allow":["GET"]}}],"collection":[{"href":"https:\/\/grupotextil.es\/en\/wp-json\/wp\/v2\/product"}],"about":[{"href":"https:\/\/grupotextil.es\/en\/wp-json\/wp\/v2\/types\/product"}],"replies":[{"embeddable":true,"href":"https:\/\/grupotextil.es\/en\/wp-json\/wp\/v2\/comments?post=215657"}],"wp:featuredmedia":[{"embeddable":true,"href":"https:\/\/grupotextil.es\/en\/wp-json\/wp\/v2\/media\/215658"}],"wp:attachment":[{"href":"https:\/\/grupotextil.es\/en\/wp-json\/wp\/v2\/media?parent=215657"}],"wp:term":[{"taxonomy":"product_brand","embeddable":true,"href":"https:\/\/grupotextil.es\/en\/wp-json\/wp\/v2\/product_brand?post=215657"},{"taxonomy":"product_cat","embeddable":true,"href":"https:\/\/grupotextil.es\/en\/wp-json\/wp\/v2\/product_cat?post=215657"},{"taxonomy":"product_tag","embeddable":true,"href":"https:\/\/grupotextil.es\/en\/wp-json\/wp\/v2\/product_tag?post=215657"}],"curies":[{"name":"wp","href":"https:\/\/api.w.org\/{rel}","templated":true}]}}