{"id":215845,"date":"2026-03-04T03:19:52","date_gmt":"2026-03-04T02:19:52","guid":{"rendered":"https:\/\/grupotextil.es\/producto\/altavoz-bluetooth-inalambrico-stamina-zoya-1290\/"},"modified":"2026-03-04T06:15:15","modified_gmt":"2026-03-04T05:15:15","slug":"altavoz-bluetooth-inalambrico-stamina-zoya-1290","status":"publish","type":"product","link":"https:\/\/grupotextil.es\/en\/product\/altavoz-bluetooth-inalambrico-stamina-zoya-1290\/","title":{"rendered":"Altavoz Bluetooth Inal\u00e1mbrico Stamina Zoya 1290"},"content":{"rendered":"<p><strong>PRODUCTO QUE SE DESCATALOGAR\u00c1 CUANDO SE AGOTEN LAS EXISTENCIAS<\/strong> \u2013 Altavoz inal\u00e1mbrico recargable realizado a partir de materiales reciclados: cuerpo a partir de tapones de botella y asa de transporte en poli\u00e9ster RPET. Potencia de 3W. Funci\u00f3n manos libres, con micr\u00f3fono para realizar llamadas. Reproducci\u00f3n de contenido a trav\u00e9s de tarjeta Micro SD o a trav\u00e9s de conexi\u00f3n Bluetooth. Reproducci\u00f3n continua de hasta 5 horas y distancia de funcionamiento hasta 10 metro. Indicador LED de conexi\u00f3n.<\/p>","protected":false},"excerpt":{"rendered":"<p><strong>PRODUCTO QUE SE DESCATALOGAR\u00c1 CUANDO SE AGOTEN LAS EXISTENCIAS<\/strong> \u2013 Altavoz inal\u00e1mbrico recargable realizado a partir de materiales reciclados: cuerpo a partir de tapones de botella y asa de transporte en poli\u00e9ster RPET. Potencia de 3W. Funci\u00f3n manos libres, con micr\u00f3fono para realizar llamadas. Reproducci\u00f3n de contenido a trav\u00e9s de tarjeta Micro SD o a trav\u00e9s de conexi\u00f3n Bluetooth. Reproducci\u00f3n continua de hasta 5 horas y distancia de funcionamiento hasta 10 metro. Indicador LED de conexi\u00f3n.<\/p>","protected":false},"featured_media":215846,"comment_status":"open","ping_status":"closed","template":"","meta":{"_acf_changed":false},"product_brand":[14012],"product_cat":[14006,13959],"product_tag":[],"class_list":{"0":"post-215845","1":"product","2":"type-product","3":"status-publish","4":"has-post-thumbnail","6":"product_brand-stamina","7":"product_cat-acc-merchandising","8":"product_cat-mr-tecnologia","9":"tm-no-options","11":"first","12":"instock","13":"taxable","14":"shipping-taxable","15":"product-type-variable"},"acf":[],"_links":{"self":[{"href":"https:\/\/grupotextil.es\/en\/wp-json\/wp\/v2\/product\/215845","targetHints":{"allow":["GET"]}}],"collection":[{"href":"https:\/\/grupotextil.es\/en\/wp-json\/wp\/v2\/product"}],"about":[{"href":"https:\/\/grupotextil.es\/en\/wp-json\/wp\/v2\/types\/product"}],"replies":[{"embeddable":true,"href":"https:\/\/grupotextil.es\/en\/wp-json\/wp\/v2\/comments?post=215845"}],"wp:featuredmedia":[{"embeddable":true,"href":"https:\/\/grupotextil.es\/en\/wp-json\/wp\/v2\/media\/215846"}],"wp:attachment":[{"href":"https:\/\/grupotextil.es\/en\/wp-json\/wp\/v2\/media?parent=215845"}],"wp:term":[{"taxonomy":"product_brand","embeddable":true,"href":"https:\/\/grupotextil.es\/en\/wp-json\/wp\/v2\/product_brand?post=215845"},{"taxonomy":"product_cat","embeddable":true,"href":"https:\/\/grupotextil.es\/en\/wp-json\/wp\/v2\/product_cat?post=215845"},{"taxonomy":"product_tag","embeddable":true,"href":"https:\/\/grupotextil.es\/en\/wp-json\/wp\/v2\/product_tag?post=215845"}],"curies":[{"name":"wp","href":"https:\/\/api.w.org\/{rel}","templated":true}]}}