{"id":215853,"date":"2026-03-04T03:19:59","date_gmt":"2026-03-04T02:19:59","guid":{"rendered":"https:\/\/grupotextil.es\/producto\/altavoces-bluetooth-inalambrico-stamina-trigox-1317\/"},"modified":"2026-03-04T06:15:15","modified_gmt":"2026-03-04T05:15:15","slug":"altavoces-bluetooth-inalambrico-stamina-trigox-1317","status":"publish","type":"product","link":"https:\/\/grupotextil.es\/en\/product\/altavoces-bluetooth-inalambrico-stamina-trigox-1317\/","title":{"rendered":"Altavoces Bluetooth Inal\u00e1mbrico Stamina Trigox 1317"},"content":{"rendered":"<p><strong>PRODUCTO QUE SE DESCATALOGAR\u00c1 CUANDO SE AGOTEN LAS EXISTENCIAS<\/strong> \u2013 Altavoz inal\u00e1mbrico realizado en combinaci\u00f3n de fibras naturales y bamb\u00fa. Con potencia de 3W y bater\u00eda recargable mediante cable USB Tipo C, incluido. Cuenta con indicador luminoso de carga, bot\u00f3n \u00fanico multifunci\u00f3n y autoapagado tras inactividad. Con salida de audio v\u00eda Bluetooth y tiempo de funcionamiento continuo de hasta 3,5h.<\/p>","protected":false},"excerpt":{"rendered":"<p><strong>PRODUCTO QUE SE DESCATALOGAR\u00c1 CUANDO SE AGOTEN LAS EXISTENCIAS<\/strong> \u2013 Altavoz inal\u00e1mbrico realizado en combinaci\u00f3n de fibras naturales y bamb\u00fa. Con potencia de 3W y bater\u00eda recargable mediante cable USB Tipo C, incluido. Cuenta con indicador luminoso de carga, bot\u00f3n \u00fanico multifunci\u00f3n y autoapagado tras inactividad. Con salida de audio v\u00eda Bluetooth y tiempo de funcionamiento continuo de hasta 3,5h.<\/p>","protected":false},"featured_media":215854,"comment_status":"open","ping_status":"closed","template":"","meta":{"_acf_changed":false},"product_brand":[14012],"product_cat":[14006,13959],"product_tag":[],"class_list":{"0":"post-215853","1":"product","2":"type-product","3":"status-publish","4":"has-post-thumbnail","6":"product_brand-stamina","7":"product_cat-acc-merchandising","8":"product_cat-mr-tecnologia","9":"tm-no-options","11":"first","12":"instock","13":"taxable","14":"shipping-taxable","15":"product-type-variable"},"acf":[],"_links":{"self":[{"href":"https:\/\/grupotextil.es\/en\/wp-json\/wp\/v2\/product\/215853","targetHints":{"allow":["GET"]}}],"collection":[{"href":"https:\/\/grupotextil.es\/en\/wp-json\/wp\/v2\/product"}],"about":[{"href":"https:\/\/grupotextil.es\/en\/wp-json\/wp\/v2\/types\/product"}],"replies":[{"embeddable":true,"href":"https:\/\/grupotextil.es\/en\/wp-json\/wp\/v2\/comments?post=215853"}],"wp:featuredmedia":[{"embeddable":true,"href":"https:\/\/grupotextil.es\/en\/wp-json\/wp\/v2\/media\/215854"}],"wp:attachment":[{"href":"https:\/\/grupotextil.es\/en\/wp-json\/wp\/v2\/media?parent=215853"}],"wp:term":[{"taxonomy":"product_brand","embeddable":true,"href":"https:\/\/grupotextil.es\/en\/wp-json\/wp\/v2\/product_brand?post=215853"},{"taxonomy":"product_cat","embeddable":true,"href":"https:\/\/grupotextil.es\/en\/wp-json\/wp\/v2\/product_cat?post=215853"},{"taxonomy":"product_tag","embeddable":true,"href":"https:\/\/grupotextil.es\/en\/wp-json\/wp\/v2\/product_tag?post=215853"}],"curies":[{"name":"wp","href":"https:\/\/api.w.org\/{rel}","templated":true}]}}