{"id":215866,"date":"2026-03-04T03:20:14","date_gmt":"2026-03-04T02:20:14","guid":{"rendered":"https:\/\/grupotextil.es\/producto\/medalla-de-madera-stamina-holden-1462\/"},"modified":"2026-03-04T23:53:28","modified_gmt":"2026-03-04T22:53:28","slug":"medalla-de-madera-stamina-holden-1462","status":"publish","type":"product","link":"https:\/\/grupotextil.es\/en\/product\/medalla-de-madera-stamina-holden-1462\/","title":{"rendered":"Medalla de Madera Stamina Holden 1462"},"content":{"rendered":"<p class=\"product-short-desc font-stamina poppins-sort-desc\" data-v-46846120=\"\">Medalla realizada en bamb\u00fa con cord\u00f3n de algod\u00f3n. Incluye cierre de seguridad elaborado en fibra de trigo en el extremo.<\/p>","protected":false},"excerpt":{"rendered":"<p class=\"product-short-desc font-stamina poppins-sort-desc\" data-v-46846120=\"\">Medalla realizada en bamb\u00fa con cord\u00f3n de algod\u00f3n. Incluye cierre de seguridad elaborado en fibra de trigo en el extremo.<\/p>","protected":false},"featured_media":215867,"comment_status":"open","ping_status":"closed","template":"","meta":{"_acf_changed":false},"product_brand":[14012],"product_cat":[13973],"product_tag":[],"class_list":{"0":"post-215866","1":"product","2":"type-product","3":"status-publish","4":"has-post-thumbnail","6":"product_brand-stamina","7":"product_cat-ropa","8":"tm-no-options","10":"first","11":"instock","12":"featured","13":"taxable","14":"shipping-taxable","15":"product-type-variable"},"acf":[],"_links":{"self":[{"href":"https:\/\/grupotextil.es\/en\/wp-json\/wp\/v2\/product\/215866","targetHints":{"allow":["GET"]}}],"collection":[{"href":"https:\/\/grupotextil.es\/en\/wp-json\/wp\/v2\/product"}],"about":[{"href":"https:\/\/grupotextil.es\/en\/wp-json\/wp\/v2\/types\/product"}],"replies":[{"embeddable":true,"href":"https:\/\/grupotextil.es\/en\/wp-json\/wp\/v2\/comments?post=215866"}],"wp:featuredmedia":[{"embeddable":true,"href":"https:\/\/grupotextil.es\/en\/wp-json\/wp\/v2\/media\/215867"}],"wp:attachment":[{"href":"https:\/\/grupotextil.es\/en\/wp-json\/wp\/v2\/media?parent=215866"}],"wp:term":[{"taxonomy":"product_brand","embeddable":true,"href":"https:\/\/grupotextil.es\/en\/wp-json\/wp\/v2\/product_brand?post=215866"},{"taxonomy":"product_cat","embeddable":true,"href":"https:\/\/grupotextil.es\/en\/wp-json\/wp\/v2\/product_cat?post=215866"},{"taxonomy":"product_tag","embeddable":true,"href":"https:\/\/grupotextil.es\/en\/wp-json\/wp\/v2\/product_tag?post=215866"}],"curies":[{"name":"wp","href":"https:\/\/api.w.org\/{rel}","templated":true}]}}