{"id":215881,"date":"2026-03-04T03:20:31","date_gmt":"2026-03-04T02:20:31","guid":{"rendered":"https:\/\/grupotextil.es\/producto\/cargador-inalambrico-stamina-matix-1287\/"},"modified":"2026-03-04T06:15:15","modified_gmt":"2026-03-04T05:15:15","slug":"cargador-inalambrico-stamina-matix-1287","status":"publish","type":"product","link":"https:\/\/grupotextil.es\/en\/product\/cargador-inalambrico-stamina-matix-1287\/","title":{"rendered":"Cargador Inal\u00e1mbrico Stamina Matix 1287"},"content":{"rendered":"<p>Cargador inal\u00e1mbrico elaborado en bamb\u00fa. Con funci\u00f3n magn\u00e9tica en superficie mediante anillo magn\u00e9tico. Potencia de carga de 15W. Compatible con dispositivos provistos de tecnolog\u00eda de carga inal\u00e1mbrica. Incluye anillo accesorio adhesivo. Cable de conexi\u00f3n Tipo C integrado el cuerpo.<\/p>","protected":false},"excerpt":{"rendered":"<p>Cargador inal\u00e1mbrico elaborado en bamb\u00fa. Con funci\u00f3n magn\u00e9tica en superficie mediante anillo magn\u00e9tico. Potencia de carga de 15W. Compatible con dispositivos provistos de tecnolog\u00eda de carga inal\u00e1mbrica. Incluye anillo accesorio adhesivo. Cable de conexi\u00f3n Tipo C integrado el cuerpo.<\/p>","protected":false},"featured_media":215882,"comment_status":"open","ping_status":"closed","template":"","meta":{"_acf_changed":false},"product_brand":[14012],"product_cat":[14006,13959],"product_tag":[],"class_list":{"0":"post-215881","1":"product","2":"type-product","3":"status-publish","4":"has-post-thumbnail","6":"product_brand-stamina","7":"product_cat-acc-merchandising","8":"product_cat-mr-tecnologia","9":"tm-no-options","11":"first","12":"instock","13":"taxable","14":"shipping-taxable","15":"product-type-variable"},"acf":[],"_links":{"self":[{"href":"https:\/\/grupotextil.es\/en\/wp-json\/wp\/v2\/product\/215881","targetHints":{"allow":["GET"]}}],"collection":[{"href":"https:\/\/grupotextil.es\/en\/wp-json\/wp\/v2\/product"}],"about":[{"href":"https:\/\/grupotextil.es\/en\/wp-json\/wp\/v2\/types\/product"}],"replies":[{"embeddable":true,"href":"https:\/\/grupotextil.es\/en\/wp-json\/wp\/v2\/comments?post=215881"}],"wp:featuredmedia":[{"embeddable":true,"href":"https:\/\/grupotextil.es\/en\/wp-json\/wp\/v2\/media\/215882"}],"wp:attachment":[{"href":"https:\/\/grupotextil.es\/en\/wp-json\/wp\/v2\/media?parent=215881"}],"wp:term":[{"taxonomy":"product_brand","embeddable":true,"href":"https:\/\/grupotextil.es\/en\/wp-json\/wp\/v2\/product_brand?post=215881"},{"taxonomy":"product_cat","embeddable":true,"href":"https:\/\/grupotextil.es\/en\/wp-json\/wp\/v2\/product_cat?post=215881"},{"taxonomy":"product_tag","embeddable":true,"href":"https:\/\/grupotextil.es\/en\/wp-json\/wp\/v2\/product_tag?post=215881"}],"curies":[{"name":"wp","href":"https:\/\/api.w.org\/{rel}","templated":true}]}}