{"id":215911,"date":"2026-03-04T03:21:04","date_gmt":"2026-03-04T02:21:04","guid":{"rendered":"https:\/\/grupotextil.es\/producto\/auriculares-inalambricos-stamina-sauro-1296\/"},"modified":"2026-03-04T06:15:15","modified_gmt":"2026-03-04T05:15:15","slug":"auriculares-inalambricos-stamina-sauro-1296","status":"publish","type":"product","link":"https:\/\/grupotextil.es\/en\/product\/auriculares-inalambricos-stamina-sauro-1296\/","title":{"rendered":"Auriculares Inal\u00e1mbricos Stamina Sauro 1296"},"content":{"rendered":"<p>Auriculares inal\u00e1mbricos presentados en estuche elaborado en material reciclado y detalles en bamb\u00fa. Funci\u00f3n manos libres y asistente de voz mediante bot\u00f3n multifunci\u00f3n t\u00e1ctil de ambos auriculares. Control t\u00e1ctil de reproducci\u00f3n de audio como funciones de control de volumen, pista siguiente.<\/p>","protected":false},"excerpt":{"rendered":"<p>Auriculares inal\u00e1mbricos presentados en estuche elaborado en material reciclado y detalles en bamb\u00fa. Funci\u00f3n manos libres y asistente de voz mediante bot\u00f3n multifunci\u00f3n t\u00e1ctil de ambos auriculares. Control t\u00e1ctil de reproducci\u00f3n de audio como funciones de control de volumen, pista siguiente.<\/p>","protected":false},"featured_media":215912,"comment_status":"open","ping_status":"closed","template":"","meta":{"_acf_changed":false},"product_brand":[14012],"product_cat":[14006,13959],"product_tag":[],"class_list":{"0":"post-215911","1":"product","2":"type-product","3":"status-publish","4":"has-post-thumbnail","6":"product_brand-stamina","7":"product_cat-acc-merchandising","8":"product_cat-mr-tecnologia","9":"tm-no-options","11":"first","12":"instock","13":"taxable","14":"shipping-taxable","15":"product-type-variable"},"acf":[],"_links":{"self":[{"href":"https:\/\/grupotextil.es\/en\/wp-json\/wp\/v2\/product\/215911","targetHints":{"allow":["GET"]}}],"collection":[{"href":"https:\/\/grupotextil.es\/en\/wp-json\/wp\/v2\/product"}],"about":[{"href":"https:\/\/grupotextil.es\/en\/wp-json\/wp\/v2\/types\/product"}],"replies":[{"embeddable":true,"href":"https:\/\/grupotextil.es\/en\/wp-json\/wp\/v2\/comments?post=215911"}],"wp:featuredmedia":[{"embeddable":true,"href":"https:\/\/grupotextil.es\/en\/wp-json\/wp\/v2\/media\/215912"}],"wp:attachment":[{"href":"https:\/\/grupotextil.es\/en\/wp-json\/wp\/v2\/media?parent=215911"}],"wp:term":[{"taxonomy":"product_brand","embeddable":true,"href":"https:\/\/grupotextil.es\/en\/wp-json\/wp\/v2\/product_brand?post=215911"},{"taxonomy":"product_cat","embeddable":true,"href":"https:\/\/grupotextil.es\/en\/wp-json\/wp\/v2\/product_cat?post=215911"},{"taxonomy":"product_tag","embeddable":true,"href":"https:\/\/grupotextil.es\/en\/wp-json\/wp\/v2\/product_tag?post=215911"}],"curies":[{"name":"wp","href":"https:\/\/api.w.org\/{rel}","templated":true}]}}