{"id":215988,"date":"2026-03-04T03:22:23","date_gmt":"2026-03-04T02:22:23","guid":{"rendered":"https:\/\/grupotextil.es\/producto\/fiambrera-stamina-janex-1361\/"},"modified":"2026-03-04T06:15:16","modified_gmt":"2026-03-04T05:15:16","slug":"fiambrera-stamina-janex-1361","status":"publish","type":"product","link":"https:\/\/grupotextil.es\/en\/product\/fiambrera-stamina-janex-1361\/","title":{"rendered":"Fiambrera Stamina Janex 1361"},"content":{"rendered":"<p>Fiambrera de PP con dos compartimentos apta para alimentos con tapa de bamb\u00fa. Incluye set de cubiertos integrado en una de las tapas, una pieza separadora extra\u00edble para poder separar diferentes alimentos dentro del mismo compartimento y cinta de seguridad para un cierre m\u00e1s herm\u00e9tico. Capacidad de 800ml.<\/p>","protected":false},"excerpt":{"rendered":"<p>Fiambrera de PP con dos compartimentos apta para alimentos con tapa de bamb\u00fa. Incluye set de cubiertos integrado en una de las tapas, una pieza separadora extra\u00edble para poder separar diferentes alimentos dentro del mismo compartimento y cinta de seguridad para un cierre m\u00e1s herm\u00e9tico. Capacidad de 800ml.<\/p>","protected":false},"featured_media":215989,"comment_status":"open","ping_status":"closed","template":"","meta":{"_acf_changed":false},"product_brand":[14012],"product_cat":[14006,13971],"product_tag":[],"class_list":{"0":"post-215988","1":"product","2":"type-product","3":"status-publish","4":"has-post-thumbnail","6":"product_brand-stamina","7":"product_cat-acc-merchandising","8":"product_cat-mr-tazas","9":"tm-no-options","11":"first","12":"instock","13":"taxable","14":"shipping-taxable","15":"product-type-variable"},"acf":[],"_links":{"self":[{"href":"https:\/\/grupotextil.es\/en\/wp-json\/wp\/v2\/product\/215988","targetHints":{"allow":["GET"]}}],"collection":[{"href":"https:\/\/grupotextil.es\/en\/wp-json\/wp\/v2\/product"}],"about":[{"href":"https:\/\/grupotextil.es\/en\/wp-json\/wp\/v2\/types\/product"}],"replies":[{"embeddable":true,"href":"https:\/\/grupotextil.es\/en\/wp-json\/wp\/v2\/comments?post=215988"}],"wp:featuredmedia":[{"embeddable":true,"href":"https:\/\/grupotextil.es\/en\/wp-json\/wp\/v2\/media\/215989"}],"wp:attachment":[{"href":"https:\/\/grupotextil.es\/en\/wp-json\/wp\/v2\/media?parent=215988"}],"wp:term":[{"taxonomy":"product_brand","embeddable":true,"href":"https:\/\/grupotextil.es\/en\/wp-json\/wp\/v2\/product_brand?post=215988"},{"taxonomy":"product_cat","embeddable":true,"href":"https:\/\/grupotextil.es\/en\/wp-json\/wp\/v2\/product_cat?post=215988"},{"taxonomy":"product_tag","embeddable":true,"href":"https:\/\/grupotextil.es\/en\/wp-json\/wp\/v2\/product_tag?post=215988"}],"curies":[{"name":"wp","href":"https:\/\/api.w.org\/{rel}","templated":true}]}}