{"id":216186,"date":"2026-03-04T03:25:07","date_gmt":"2026-03-04T02:25:07","guid":{"rendered":"https:\/\/grupotextil.es\/producto\/boligrafo-giratorio-stamina-braman-1319\/"},"modified":"2026-03-04T06:15:17","modified_gmt":"2026-03-04T05:15:17","slug":"boligrafo-giratorio-stamina-braman-1319","status":"publish","type":"product","link":"https:\/\/grupotextil.es\/en\/product\/boligrafo-giratorio-stamina-braman-1319\/","title":{"rendered":"Bol\u00edgrafo Giratorio Stamina Braman 1319"},"content":{"rendered":"<p>Bol\u00edgrafo giratorio realizado en metal y poli\u00e9ster reciclado RPET. Tinta azul. Presentado en funda de poli\u00e9ster reciclado RPET a juego.<\/p>","protected":false},"excerpt":{"rendered":"<p>Bol\u00edgrafo giratorio realizado en metal y poli\u00e9ster reciclado RPET. Tinta azul. Presentado en funda de poli\u00e9ster reciclado RPET a juego.<\/p>","protected":false},"featured_media":216187,"comment_status":"open","ping_status":"closed","template":"","meta":{"_acf_changed":false},"product_brand":[14012],"product_cat":[14006,13972],"product_tag":[],"class_list":{"0":"post-216186","1":"product","2":"type-product","3":"status-publish","4":"has-post-thumbnail","6":"product_brand-stamina","7":"product_cat-acc-merchandising","8":"product_cat-oficina-y-escritura","9":"tm-no-options","11":"first","12":"instock","13":"taxable","14":"shipping-taxable","15":"product-type-variable"},"acf":[],"_links":{"self":[{"href":"https:\/\/grupotextil.es\/en\/wp-json\/wp\/v2\/product\/216186","targetHints":{"allow":["GET"]}}],"collection":[{"href":"https:\/\/grupotextil.es\/en\/wp-json\/wp\/v2\/product"}],"about":[{"href":"https:\/\/grupotextil.es\/en\/wp-json\/wp\/v2\/types\/product"}],"replies":[{"embeddable":true,"href":"https:\/\/grupotextil.es\/en\/wp-json\/wp\/v2\/comments?post=216186"}],"wp:featuredmedia":[{"embeddable":true,"href":"https:\/\/grupotextil.es\/en\/wp-json\/wp\/v2\/media\/216187"}],"wp:attachment":[{"href":"https:\/\/grupotextil.es\/en\/wp-json\/wp\/v2\/media?parent=216186"}],"wp:term":[{"taxonomy":"product_brand","embeddable":true,"href":"https:\/\/grupotextil.es\/en\/wp-json\/wp\/v2\/product_brand?post=216186"},{"taxonomy":"product_cat","embeddable":true,"href":"https:\/\/grupotextil.es\/en\/wp-json\/wp\/v2\/product_cat?post=216186"},{"taxonomy":"product_tag","embeddable":true,"href":"https:\/\/grupotextil.es\/en\/wp-json\/wp\/v2\/product_tag?post=216186"}],"curies":[{"name":"wp","href":"https:\/\/api.w.org\/{rel}","templated":true}]}}