{"id":216286,"date":"2026-03-04T03:26:26","date_gmt":"2026-03-04T02:26:26","guid":{"rendered":"https:\/\/grupotextil.es\/producto\/outlet-chaleco-acolchado-roly-reine-5076-mujer\/"},"modified":"2026-03-04T06:15:18","modified_gmt":"2026-03-04T05:15:18","slug":"outlet-chaleco-acolchado-roly-reine-5076-mujer","status":"publish","type":"product","link":"https:\/\/grupotextil.es\/en\/product\/outlet-chaleco-acolchado-roly-reine-5076-mujer\/","title":{"rendered":"*OUTLET* Chaleco Acolchado Roly Reine 5076 Mujer"},"content":{"rendered":"<p><strong>PRODUCTO QUE SE DESCATALOGAR\u00c1 CUANDO SE AGOTEN LAS EXISTENCIAS \u2013<\/strong> Chaleco acolchado de mujer con capucha extra\u00edble. Cuello alto. Cierre frontal con cremallera oculta por solapa. Dos bolsillos con cierre de bot\u00f3n a presi\u00f3n. Aperturas laterales con cremalleras. Acceso interior en pecho para reprocesos.<\/p>","protected":false},"excerpt":{"rendered":"<p><strong>PRODUCTO QUE SE DESCATALOGAR\u00c1 CUANDO SE AGOTEN LAS EXISTENCIAS \u2013<\/strong> Chaleco acolchado de mujer con capucha extra\u00edble. Cuello alto. Cierre frontal con cremallera oculta por solapa. Dos bolsillos con cierre de bot\u00f3n a presi\u00f3n. Aperturas laterales con cremalleras. Acceso interior en pecho para reprocesos.<\/p>","protected":false},"featured_media":216287,"comment_status":"open","ping_status":"closed","template":"","meta":{"_acf_changed":false},"product_brand":[14011],"product_cat":[13974,13975,13973],"product_tag":[],"class_list":{"0":"post-216286","1":"product","2":"type-product","3":"status-publish","4":"has-post-thumbnail","6":"product_brand-roly","7":"product_cat-ropa-hombre","8":"product_cat-ropa-mujer","9":"product_cat-ropa","10":"tm-no-options","12":"first","13":"instock","14":"taxable","15":"shipping-taxable","16":"product-type-variable"},"acf":[],"_links":{"self":[{"href":"https:\/\/grupotextil.es\/en\/wp-json\/wp\/v2\/product\/216286","targetHints":{"allow":["GET"]}}],"collection":[{"href":"https:\/\/grupotextil.es\/en\/wp-json\/wp\/v2\/product"}],"about":[{"href":"https:\/\/grupotextil.es\/en\/wp-json\/wp\/v2\/types\/product"}],"replies":[{"embeddable":true,"href":"https:\/\/grupotextil.es\/en\/wp-json\/wp\/v2\/comments?post=216286"}],"wp:featuredmedia":[{"embeddable":true,"href":"https:\/\/grupotextil.es\/en\/wp-json\/wp\/v2\/media\/216287"}],"wp:attachment":[{"href":"https:\/\/grupotextil.es\/en\/wp-json\/wp\/v2\/media?parent=216286"}],"wp:term":[{"taxonomy":"product_brand","embeddable":true,"href":"https:\/\/grupotextil.es\/en\/wp-json\/wp\/v2\/product_brand?post=216286"},{"taxonomy":"product_cat","embeddable":true,"href":"https:\/\/grupotextil.es\/en\/wp-json\/wp\/v2\/product_cat?post=216286"},{"taxonomy":"product_tag","embeddable":true,"href":"https:\/\/grupotextil.es\/en\/wp-json\/wp\/v2\/product_tag?post=216286"}],"curies":[{"name":"wp","href":"https:\/\/api.w.org\/{rel}","templated":true}]}}