{"id":216348,"date":"2026-03-04T03:27:16","date_gmt":"2026-03-04T02:27:16","guid":{"rendered":"https:\/\/grupotextil.es\/producto\/sacacorchos-de-acero-inoxidable-y-madera-stamina-vuren-1193\/"},"modified":"2026-03-04T06:15:19","modified_gmt":"2026-03-04T05:15:19","slug":"sacacorchos-de-acero-inoxidable-y-madera-stamina-vuren-1193","status":"publish","type":"product","link":"https:\/\/grupotextil.es\/en\/product\/sacacorchos-de-acero-inoxidable-y-madera-stamina-vuren-1193\/","title":{"rendered":"Sacacorchos de Acero Inoxidable y Madera Stamina Vuren 1193"},"content":{"rendered":"<p>El sacacorchos de acero inoxidable de estilo cl\u00e1sico con mango en madera es una herramienta elegante y funcional para abrir tus botellas de vino con facilidad. El cuerpo de acero inoxidable garantiza durabilidad y resistencia, mientras que el mango de madera le agrega un toque c\u00e1lido y natural.<\/p>\n<p>El dise\u00f1o cl\u00e1sico del sacacorchos asegura un agarre c\u00f3modo y seguro, permiti\u00e9ndote extraer los corchos de forma suave y precisa. Su mecanismo de doble palanca facilita el proceso de apertura, minimizando el esfuerzo requerido.<\/p>\n<p>Con este sacacorchos, disfrutar\u00e1s de la experiencia de abrir una botella de vino de manera pr\u00e1ctica y estilizada. El acero inoxidable de alta calidad y el mango de madera combinan a la perfecci\u00f3n, creando una pieza duradera y est\u00e9ticamente agradable.<\/p>","protected":false},"excerpt":{"rendered":"<p>El sacacorchos de acero inoxidable de estilo cl\u00e1sico con mango en madera es una herramienta elegante y funcional para abrir tus botellas de vino con facilidad. El cuerpo de acero inoxidable garantiza durabilidad y resistencia, mientras que el mango de madera le agrega un toque c\u00e1lido y natural.<\/p>\n<p>El dise\u00f1o cl\u00e1sico del sacacorchos asegura un agarre c\u00f3modo y seguro, permiti\u00e9ndote extraer los corchos de forma suave y precisa. Su mecanismo de doble palanca facilita el proceso de apertura, minimizando el esfuerzo requerido.<\/p>\n<p>Con este sacacorchos, disfrutar\u00e1s de la experiencia de abrir una botella de vino de manera pr\u00e1ctica y estilizada. El acero inoxidable de alta calidad y el mango de madera combinan a la perfecci\u00f3n, creando una pieza duradera y est\u00e9ticamente agradable.<\/p>","protected":false},"featured_media":216349,"comment_status":"open","ping_status":"closed","template":"","meta":{"_acf_changed":false},"product_brand":[14012],"product_cat":[13960,14006],"product_tag":[],"class_list":{"0":"post-216348","1":"product","2":"type-product","3":"status-publish","4":"has-post-thumbnail","6":"product_brand-stamina","7":"product_cat-mr-llaveros","8":"product_cat-acc-merchandising","9":"tm-no-options","11":"first","12":"outofstock","13":"taxable","14":"shipping-taxable","15":"product-type-variable"},"acf":[],"_links":{"self":[{"href":"https:\/\/grupotextil.es\/en\/wp-json\/wp\/v2\/product\/216348","targetHints":{"allow":["GET"]}}],"collection":[{"href":"https:\/\/grupotextil.es\/en\/wp-json\/wp\/v2\/product"}],"about":[{"href":"https:\/\/grupotextil.es\/en\/wp-json\/wp\/v2\/types\/product"}],"replies":[{"embeddable":true,"href":"https:\/\/grupotextil.es\/en\/wp-json\/wp\/v2\/comments?post=216348"}],"wp:featuredmedia":[{"embeddable":true,"href":"https:\/\/grupotextil.es\/en\/wp-json\/wp\/v2\/media\/216349"}],"wp:attachment":[{"href":"https:\/\/grupotextil.es\/en\/wp-json\/wp\/v2\/media?parent=216348"}],"wp:term":[{"taxonomy":"product_brand","embeddable":true,"href":"https:\/\/grupotextil.es\/en\/wp-json\/wp\/v2\/product_brand?post=216348"},{"taxonomy":"product_cat","embeddable":true,"href":"https:\/\/grupotextil.es\/en\/wp-json\/wp\/v2\/product_cat?post=216348"},{"taxonomy":"product_tag","embeddable":true,"href":"https:\/\/grupotextil.es\/en\/wp-json\/wp\/v2\/product_tag?post=216348"}],"curies":[{"name":"wp","href":"https:\/\/api.w.org\/{rel}","templated":true}]}}